{"id":107144,"date":"2024-01-26T08:25:33","date_gmt":"2024-01-26T13:25:33","guid":{"rendered":"https:\/\/cbieca.wpenginepowered.com\/?page_id=107144"},"modified":"2025-11-25T13:39:57","modified_gmt":"2025-11-25T18:39:57","slug":"appliquer-pour-etre-un-membre","status":"publish","type":"page","link":"https:\/\/cbie.ca\/fr\/notre-reseau\/appliquer-pour-etre-un-membre\/","title":{"rendered":"Appliquer pour \u00eatre un membre"},"content":{"rendered":"<div class=\"wpb-content-wrapper\"><p>[vc_row text_align=\u00a0\u00bbcenter\u00a0\u00bb][vc_column column_padding=\u00a0\u00bbpadding-3&Prime; column_center=\u00a0\u00bbtrue\u00a0\u00bb text_align=\u00a0\u00bbcenter\u00a0\u00bb width=\u00a0\u00bb1\/1&Prime;]<div class=\"spacer\" style=\"height: 50px;\"><\/div>[vc_column_text]<\/p>\n<h1 style=\"text-align: center;\">Appliquer pour \u00eatre un membre<\/h1>\n<p>[\/vc_column_text]<div class=\"newdivider align-center\" style=\"border-bottom-style: solid; border-color: #ffc529; border-bottom-width: 2px; margin-top: 30px; margin-bottom: 30px; width: 130px; \"><\/div><div class=\"clear\"><\/div>[vc_column_text]<\/p>\n<p style=\"text-align: center;\">Nous vous remercions de l\u2019int\u00e9r\u00eat que vous portez au Bureau canadien de l\u2019\u00e9ducation internationale (BCEI). Votre demande sera examin\u00e9e par le comit\u00e9 d\u2019adh\u00e9sion du BCEI au cours des deux (2) semaines qui suivront la soumission. \u00c0 la suite de cet examen, vous recevrez un courriel vous indiquant les prochaines \u00e9tapes, y compris les instructions de paiement.<\/p>\n<p>[\/vc_column_text][\/vc_column][\/vc_row][vc_row text_align=\u00a0\u00bbcenter\u00a0\u00bb top_padding=\u00a0\u00bb50&Prime;][vc_column][vc_column_text]<\/p>\n<h3 style=\"text-align: center;\">Crit\u00e8res d\u2019adh\u00e9sion<\/h3>\n<p style=\"text-align: center;\">L\u2019adh\u00e9sion au Bureau canadien de l\u2019\u00e9ducation internationale (BCEI) est ouverte aux \u00e9tablissements d\u2019enseignement postsecondaire et aux conseils scolaires du Canada qui sont admissibles \u00e0 la <a href=\"https:\/\/www.cicdi.ca\/1312\/recherche_d'etablissements_et_d'organismes_du_domaine_de_l'education_admissibles_et_autorises_a_utiliser_l'image_de_marque.canada?_gl=1*m3r7px*_ga*ntg3ndm2nzexlje3mdu1otgzmjq.*_ga_phy1l1qr1e*mtcwntu5odmync4xljaumtcwntu5odmync4wljauma..\" target=\"_blank\" rel=\"noopener\">marque \u00c9duCanada<\/a> et qui se conforment au Code d\u00e9ontologique du BCEI. \u00c0 l\u2019heure actuelle, seuls les \u00e9tablissements d\u2019enseignement canadiens peuvent devenir membres.<\/p>\n<p>[\/vc_column_text][vc_empty_space height=\u00a0\u00bb50px\u00a0\u00bb][vc_row_inner el_class=\u00a0\u00bbmem-clm\u00a0\u00bb][vc_column_inner width=\u00a0\u00bb1\/2&Prime; css=\u00a0\u00bb.vc_custom_1705507806725{border-top-width: 2px !important;border-right-width: 2px !important;border-bottom-width: 2px !important;border-left-width: 2px !important;padding-top: 20px !important;padding-right: 20px !important;padding-bottom: 20px !important;padding-left: 20px !important;background-color: #f2f2f2 !important;border-left-color: #01426a !important;border-left-style: solid !important;border-right-color: #01426a !important;border-right-style: solid !important;border-top-color: #01426a !important;border-top-style: solid !important;border-bottom-color: #01426a !important;border-bottom-style: solid !important;}\u00a0\u00bb][vc_column_text]<\/p>\n<p style=\"text-align: center; color: #01426a;\"><strong>Admissibilit\u00e9 \u00e0 la marque \u00c9duCanada<\/strong><\/p>\n<p><a href=\"https:\/\/www.educanada.ca\/index.aspx?lang=fra\" target=\"_blank\" rel=\"noopener\">Affaires mondiales Canada<\/a> et le <a href=\"https:\/\/www.cmec.ca\/1\/Accueil.html\" target=\"_blank\" rel=\"noopener\">Conseil des ministres de l\u2019\u00c9ducation (Canada) (CMEC)<\/a> ont \u00e9tabli conjointement une <a href=\"https:\/\/www.extranet-educanada.ca\/m\/8669a2c934ccb75\/original\/Directives_Marque_Politique.pdf\" target=\"_blank\" rel=\"noopener\">Politique sur l\u2019admissibilit\u00e9 \u00e0 utiliser la marque<\/a>, qui garantit que seuls les \u00e9tablissements d\u2019enseignement qui assurent une \u00e9ducation de haute qualit\u00e9 peuvent utiliser cette marque nationale dans leurs activit\u00e9s de marketing. Chaque ann\u00e9e, les provinces et les territoires soumettent au CMEC une liste d\u2019\u00e9tablissements pouvant pr\u00e9tendre \u00e0 l\u2019utilisation de la marque.[\/vc_column_text][vc_empty_space height=\u00a0\u00bb30px\u00a0\u00bb]<a href=\"https:\/\/www.cicdi.ca\/1312\/recherche_d&#039;etablissements_et_d&#039;organismes_du_domaine_de_l&#039;education_admissibles_et_autorises_a_utiliser_l&#039;image_de_marque.canada?_gl=1*1k8lp5v*_ga*odk5mdc1njm3lje3mdaxnjuznji.*_ga_phy1l1qr1e*mtcwnzgyote0my4xnc4xlje3mdc4mjkxnzcumc4wlja.\" target=\"_blank\" class=\"button color-3 medium \" style=\"border-radius: 2px;\">V\u00e9rifiez votre admissibilit\u00e9 \u00e0 la marque \u00c9duCanada<\/a>[\/vc_column_inner][vc_column_inner width=\u00a0\u00bb1\/2&Prime; css=\u00a0\u00bb.vc_custom_1705073219262{border-top-width: 2px !important;border-right-width: 2px !important;border-bottom-width: 2px !important;border-left-width: 2px !important;padding-top: 20px !important;padding-right: 20px !important;padding-bottom: 20px !important;padding-left: 20px !important;background-color: #f4f4f4 !important;border-left-color: #01426a !important;border-left-style: solid !important;border-right-color: #01426a !important;border-right-style: solid !important;border-top-color: #01426a !important;border-top-style: solid !important;border-bottom-color: #01426a !important;border-bottom-style: solid !important;}\u00a0\u00bb][vc_column_text]<\/p>\n<p style=\"text-align: center; color: #01426a;\"><strong>Code d\u00e9ontologique du BCEI<\/strong><\/p>\n<p>Conform\u00e9ment \u00e0 la mission, \u00e0 la vision et aux valeurs fondamentales du BCEI, l\u2019objectif de ce Code est de fournir aux \u00e9tablissements membres des lignes directrices \u00e9thiques \u00e0 suivre et \u00e0 l\u2019aune desquelles ils peuvent \u00e9valuer leur travail. [\/vc_column_text][vc_empty_space height=\u00a0\u00bb30px\u00a0\u00bb]<a href=\"https:\/\/cbie.ca\/fr\/notre-reseau\/devenez-membre\/le-code-deontologique-du-bcei\/\" target=\"_self\" class=\"button color-3 medium \" style=\"border-radius: 2px;\">Consulter le Code d\u00e9ontologique<\/a>[\/vc_column_inner][\/vc_row_inner][\/vc_column][\/vc_row][vc_row text_align=\u00a0\u00bbcenter\u00a0\u00bb top_padding=\u00a0\u00bb70&Prime;][vc_column width=\u00a0\u00bb1\/1&Prime;][vc_column_text]<\/p>\n<h3 style=\"text-align: center;\">Frais d\u2019adh\u00e9sion<\/h3>\n<p style=\"text-align: center;\">Les cotisations des \u00e9tablissements membres et des membres associ\u00e9s (\u00e0 l\u2019exception des conseils scolaires) sont bas\u00e9es sur les effectifs en \u00e9quivalent temps plein (ETP). Toutes les adh\u00e9sions sont renouvel\u00e9es au 1er avril de chaque ann\u00e9e. Veuillez noter que nous acceptons les cartes Visa et Mastercard ainsi que les virements t\u00e9l\u00e9graphiques comme modes de paiement.<\/p>\n<p>[\/vc_column_text]<div class=\"spacer\" style=\"height: 30px;\"><\/div>[vc_column_text]<\/p>\n<table id=\"membership-fee\">\n<tbody>\n<tr>\n<th>Cat\u00e9gories<\/th>\n<th>\u00c9tablissement membre<\/th>\n<th>Membre associ\u00e9<\/th>\n<\/tr>\n<tr>\n<td>Jusqu\u2019\u00e0 5\u2009000 ETP<\/td>\n<td>5 250 $ (3 votes)<\/td>\n<td>4 725 $ (1 vote)<\/td>\n<\/tr>\n<tr>\n<td>5001 \u00e0 10\u2009000 ETP<\/td>\n<td>7 875 $ (4 votes)<\/td>\n<td>7 350 $ (1 vote)<\/td>\n<\/tr>\n<tr>\n<td>10\u2009000 \u00e0 25\u2009000 ETP et plus<\/td>\n<td>10\u2009500 $ (5 votes)<\/td>\n<td>9 975 $ (1 vote)<\/td>\n<\/tr>\n<tr>\n<td>Conseils scolaires<\/td>\n<td>1 575 $ (2 votes)<\/td>\n<td><\/td>\n<\/tr>\n<\/tbody>\n<\/table>\n<p>[\/vc_column_text][\/vc_column][\/vc_row][vc_row text_align=\u00a0\u00bbcenter\u00a0\u00bb top_padding=\u00a0\u00bb70&Prime; bottom_padding=\u00a0\u00bb80&Prime; row_id=\u00a0\u00bbmember-category\u00a0\u00bb][vc_column width=\u00a0\u00bb1\/1&Prime;][vc_column_text]<\/p>\n<h3 style=\"text-align: center;\">Cat\u00e9gories de membres<\/h3>\n<p style=\"text-align: center;\">Le BCEI est compos\u00e9 de deux cat\u00e9gories de membres : les \u00e9tablissements membres et les membres associ\u00e9s. En bref, les \u00e9tablissements membres sont des \u00e9tablissements d\u2019enseignement sup\u00e9rieur et des conseils scolaires b\u00e9n\u00e9ficiant d\u2019un soutien public, tandis que les membres associ\u00e9s sont des \u00e9tablissements financ\u00e9s par le secteur priv\u00e9.<\/p>\n<p>[\/vc_column_text]<div class=\"spacer\" style=\"height: 60px;\"><\/div>[vc_row_inner el_class=\u00a0\u00bbmem-clm\u00a0\u00bb][vc_column_inner width=\u00a0\u00bb1\/2&Prime; css=\u00a0\u00bb.vc_custom_1706284721583{border-top-width: 2px !important;border-right-width: 2px !important;border-bottom-width: 2px !important;border-left-width: 2px !important;padding-top: 20px !important;padding-right: 20px !important;padding-bottom: 20px !important;padding-left: 20px !important;border-left-color: #01426a !important;border-left-style: solid !important;border-right-color: #01426a !important;border-right-style: solid !important;border-top-color: #01426a !important;border-top-style: solid !important;border-bottom-color: #01426a !important;border-bottom-style: solid !important;border-radius: 2px !important;}\u00a0\u00bb][vc_column_text]<\/p>\n<p style=\"color: #01426a;\"><strong>\u00c9tablissements membres<\/strong><\/p>\n<p>La cat\u00e9gorie des <em>\u00e9tablissements membres<\/em> comprend les \u00e9tablissements d\u2019enseignement sup\u00e9rieur et les conseils scolaires canadiens soutenus par <strong>des fonds publics.<\/strong><\/p>\n<p>Consultez notre <a style=\"display: inline;\" href=\"https:\/\/cbie.ca\/fr\/notre-reseau\/membres-et-associes\/\">R\u00e9pertoire des membres<\/a> pour savoir si votre \u00e9tablissement est d\u00e9j\u00e0 membre du BCEI.[\/vc_column_text][vc_empty_space]<a href=\"https:\/\/cbie.member365.ca\/public\/login\/membership\/792d517c36f43a96b8ec5c04cf5deb614a7079a9\/2\" target=\"_blank\" class=\"button color-1 medium btn-blue\" style=\"border-radius: 2px;\">Devenez membre d\u00e8s maintenant<\/a>[\/vc_column_inner][vc_column_inner width=\u00a0\u00bb1\/2&Prime; css=\u00a0\u00bb.vc_custom_1706284741955{border-top-width: 2px !important;border-right-width: 2px !important;border-bottom-width: 2px !important;border-left-width: 2px !important;padding-top: 20px !important;padding-right: 20px !important;padding-bottom: 20px !important;padding-left: 20px !important;border-left-color: #01426a !important;border-left-style: solid !important;border-right-color: #01426a !important;border-right-style: solid !important;border-top-color: #01426a !important;border-top-style: solid !important;border-bottom-color: #01426a !important;border-bottom-style: solid !important;border-radius: 2px !important;}\u00a0\u00bb][vc_column_text]<\/p>\n<p style=\"text-align: center; color: #01426a;\"><strong>Membres associ\u00e9s<\/strong><\/p>\n<p>La cat\u00e9gorie des <em>membres associ\u00e9s<\/em> comprend les \u00e9coles de langues canadiennes, les \u00e9coles primaires et secondaires <strong>priv\u00e9es<\/strong> et les \u00e9tablissements d\u2019enseignement sup\u00e9rieur<strong> priv\u00e9s.<\/strong><\/p>\n<p>Consultez notre <a style=\"display: inline;\" href=\"https:\/\/cbie.ca\/fr\/notre-reseau\/membres-et-associes\/\">R\u00e9pertoire des membres<\/a> pour savoir si votre \u00e9tablissement est d\u00e9j\u00e0 membre du BCEI.[\/vc_column_text][vc_empty_space]<a href=\"https:\/\/cbie.member365.ca\/public\/login\/membership\/82e6adc84217eacbc2a849233c7809db472ff723\/2\" target=\"_blank\" class=\"button color-1 medium btn-blue\" style=\"border-radius: 2px;\">Devenez membre d\u00e8s maintenant<\/a>[\/vc_column_inner][\/vc_row_inner]<div class=\"spacer\" style=\"height: 30px;\"><\/div>[vc_column_text]<\/p>\n<p style=\"text-align: center;\"><strong>Si vous avez des questions concernant ce processus, n\u2019h\u00e9sitez pas \u00e0 contacter notre \u00e9quipe d\u2019adh\u00e9sion \u00e0 l\u2019adresse suivante : <a href=\"mailto:members-membres@cbie.ca\" target=\"_blank\" rel=\"noopener\">members-membres@cbie.ca<\/a>.<\/strong><\/p>\n<p>[\/vc_column_text][\/vc_column][\/vc_row]<\/p>\n<\/div>","protected":false},"excerpt":{"rendered":"<p>[vc_row text_align=\u00a0\u00bbcenter\u00a0\u00bb][vc_column column_padding=\u00a0\u00bbpadding-3&Prime; column_center=\u00a0\u00bbtrue\u00a0\u00bb text_align=\u00a0\u00bbcenter\u00a0\u00bb width=\u00a0\u00bb1\/1&Prime;][vc_column_text] Appliquer pour \u00eatre un membre [\/vc_column_text][vc_column_text] Nous vous remercions de l\u2019int\u00e9r\u00eat que vous portez au Bureau canadien de l\u2019\u00e9ducation internationale (BCEI). Votre demande sera [&hellip;]<\/p>\n","protected":false},"author":2,"featured_media":0,"parent":17119,"menu_order":0,"comment_status":"closed","ping_status":"closed","template":"","meta":{"_acf_changed":false,"footnotes":""},"class_list":["post-107144","page","type-page","status-publish","hentry"],"acf":[],"yoast_head":"<!-- This site is optimized with the Yoast SEO plugin v27.4 - https:\/\/yoast.com\/product\/yoast-seo-wordpress\/ -->\n<title>Appliquer pour \u00eatre un membre - CBIE<\/title>\n<meta name=\"robots\" content=\"index, follow, max-snippet:-1, max-image-preview:large, max-video-preview:-1\" \/>\n<link rel=\"canonical\" href=\"https:\/\/cbie.ca\/fr\/notre-reseau\/appliquer-pour-etre-un-membre\/\" \/>\n<meta property=\"og:locale\" content=\"fr_FR\" \/>\n<meta property=\"og:type\" content=\"article\" \/>\n<meta property=\"og:title\" content=\"Appliquer pour \u00eatre un membre - CBIE\" \/>\n<meta property=\"og:description\" content=\"[vc_row text_align=\u00a0\u00bbcenter\u00a0\u00bb][vc_column column_padding=\u00a0\u00bbpadding-3&Prime; column_center=\u00a0\u00bbtrue\u00a0\u00bb text_align=\u00a0\u00bbcenter\u00a0\u00bb width=\u00a0\u00bb1\/1&Prime;][vc_column_text] Appliquer pour \u00eatre un membre [\/vc_column_text][vc_column_text] Nous vous remercions de l\u2019int\u00e9r\u00eat que vous portez au Bureau canadien de l\u2019\u00e9ducation internationale (BCEI). Votre demande sera [&hellip;]\" \/>\n<meta property=\"og:url\" content=\"https:\/\/cbie.ca\/fr\/notre-reseau\/appliquer-pour-etre-un-membre\/\" \/>\n<meta property=\"og:site_name\" content=\"CBIE\" \/>\n<meta property=\"article:modified_time\" content=\"2025-11-25T18:39:57+00:00\" \/>\n<meta property=\"og:image\" content=\"https:\/\/cbie.ca\/wp-content\/uploads\/2024\/01\/CBIE-Announcement-EN.png\" \/>\n\t<meta property=\"og:image:width\" content=\"1600\" \/>\n\t<meta property=\"og:image:height\" content=\"900\" \/>\n\t<meta property=\"og:image:type\" content=\"image\/png\" \/>\n<meta name=\"twitter:card\" content=\"summary_large_image\" \/>\n<meta name=\"twitter:label1\" content=\"Dur\u00e9e de lecture estim\u00e9e\" \/>\n\t<meta name=\"twitter:data1\" content=\"4 minutes\" \/>\n<script type=\"application\/ld+json\" class=\"yoast-schema-graph\">{\"@context\":\"https:\\\/\\\/schema.org\",\"@graph\":[{\"@type\":\"WebPage\",\"@id\":\"https:\\\/\\\/cbie.ca\\\/fr\\\/notre-reseau\\\/appliquer-pour-etre-un-membre\\\/\",\"url\":\"https:\\\/\\\/cbie.ca\\\/fr\\\/notre-reseau\\\/appliquer-pour-etre-un-membre\\\/\",\"name\":\"Appliquer pour \u00eatre un membre - CBIE\",\"isPartOf\":{\"@id\":\"https:\\\/\\\/cbie.ca\\\/#website\"},\"datePublished\":\"2024-01-26T13:25:33+00:00\",\"dateModified\":\"2025-11-25T18:39:57+00:00\",\"breadcrumb\":{\"@id\":\"https:\\\/\\\/cbie.ca\\\/fr\\\/notre-reseau\\\/appliquer-pour-etre-un-membre\\\/#breadcrumb\"},\"inLanguage\":\"fr-FR\",\"potentialAction\":[{\"@type\":\"ReadAction\",\"target\":[\"https:\\\/\\\/cbie.ca\\\/fr\\\/notre-reseau\\\/appliquer-pour-etre-un-membre\\\/\"]}]},{\"@type\":\"BreadcrumbList\",\"@id\":\"https:\\\/\\\/cbie.ca\\\/fr\\\/notre-reseau\\\/appliquer-pour-etre-un-membre\\\/#breadcrumb\",\"itemListElement\":[{\"@type\":\"ListItem\",\"position\":1,\"name\":\"Home\",\"item\":\"https:\\\/\\\/cbie.ca\\\/fr\\\/\"},{\"@type\":\"ListItem\",\"position\":2,\"name\":\"Notre R\u00e9seau\",\"item\":\"https:\\\/\\\/cbie.ca\\\/fr\\\/notre-reseau\\\/\"},{\"@type\":\"ListItem\",\"position\":3,\"name\":\"Appliquer pour \u00eatre un membre\"}]},{\"@type\":\"WebSite\",\"@id\":\"https:\\\/\\\/cbie.ca\\\/#website\",\"url\":\"https:\\\/\\\/cbie.ca\\\/\",\"name\":\"Canadian Bureau for International Education\",\"description\":\"\",\"potentialAction\":[{\"@type\":\"SearchAction\",\"target\":{\"@type\":\"EntryPoint\",\"urlTemplate\":\"https:\\\/\\\/cbie.ca\\\/?s={search_term_string}\"},\"query-input\":{\"@type\":\"PropertyValueSpecification\",\"valueRequired\":true,\"valueName\":\"search_term_string\"}}],\"inLanguage\":\"fr-FR\"}]}<\/script>\n<!-- \/ Yoast SEO plugin. -->","yoast_head_json":{"title":"Appliquer pour \u00eatre un membre - CBIE","robots":{"index":"index","follow":"follow","max-snippet":"max-snippet:-1","max-image-preview":"max-image-preview:large","max-video-preview":"max-video-preview:-1"},"canonical":"https:\/\/cbie.ca\/fr\/notre-reseau\/appliquer-pour-etre-un-membre\/","og_locale":"fr_FR","og_type":"article","og_title":"Appliquer pour \u00eatre un membre - CBIE","og_description":"[vc_row text_align=\u00a0\u00bbcenter\u00a0\u00bb][vc_column column_padding=\u00a0\u00bbpadding-3&Prime; column_center=\u00a0\u00bbtrue\u00a0\u00bb text_align=\u00a0\u00bbcenter\u00a0\u00bb width=\u00a0\u00bb1\/1&Prime;][vc_column_text] Appliquer pour \u00eatre un membre [\/vc_column_text][vc_column_text] Nous vous remercions de l\u2019int\u00e9r\u00eat que vous portez au Bureau canadien de l\u2019\u00e9ducation internationale (BCEI). Votre demande sera [&hellip;]","og_url":"https:\/\/cbie.ca\/fr\/notre-reseau\/appliquer-pour-etre-un-membre\/","og_site_name":"CBIE","article_modified_time":"2025-11-25T18:39:57+00:00","og_image":[{"width":1600,"height":900,"url":"https:\/\/cbie.ca\/wp-content\/uploads\/2024\/01\/CBIE-Announcement-EN.png","type":"image\/png"}],"twitter_card":"summary_large_image","twitter_misc":{"Dur\u00e9e de lecture estim\u00e9e":"4 minutes"},"schema":{"@context":"https:\/\/schema.org","@graph":[{"@type":"WebPage","@id":"https:\/\/cbie.ca\/fr\/notre-reseau\/appliquer-pour-etre-un-membre\/","url":"https:\/\/cbie.ca\/fr\/notre-reseau\/appliquer-pour-etre-un-membre\/","name":"Appliquer pour \u00eatre un membre - CBIE","isPartOf":{"@id":"https:\/\/cbie.ca\/#website"},"datePublished":"2024-01-26T13:25:33+00:00","dateModified":"2025-11-25T18:39:57+00:00","breadcrumb":{"@id":"https:\/\/cbie.ca\/fr\/notre-reseau\/appliquer-pour-etre-un-membre\/#breadcrumb"},"inLanguage":"fr-FR","potentialAction":[{"@type":"ReadAction","target":["https:\/\/cbie.ca\/fr\/notre-reseau\/appliquer-pour-etre-un-membre\/"]}]},{"@type":"BreadcrumbList","@id":"https:\/\/cbie.ca\/fr\/notre-reseau\/appliquer-pour-etre-un-membre\/#breadcrumb","itemListElement":[{"@type":"ListItem","position":1,"name":"Home","item":"https:\/\/cbie.ca\/fr\/"},{"@type":"ListItem","position":2,"name":"Notre R\u00e9seau","item":"https:\/\/cbie.ca\/fr\/notre-reseau\/"},{"@type":"ListItem","position":3,"name":"Appliquer pour \u00eatre un membre"}]},{"@type":"WebSite","@id":"https:\/\/cbie.ca\/#website","url":"https:\/\/cbie.ca\/","name":"Canadian Bureau for International Education","description":"","potentialAction":[{"@type":"SearchAction","target":{"@type":"EntryPoint","urlTemplate":"https:\/\/cbie.ca\/?s={search_term_string}"},"query-input":{"@type":"PropertyValueSpecification","valueRequired":true,"valueName":"search_term_string"}}],"inLanguage":"fr-FR"}]}},"_links":{"self":[{"href":"https:\/\/cbie.ca\/fr\/wp-json\/wp\/v2\/pages\/107144","targetHints":{"allow":["GET"]}}],"collection":[{"href":"https:\/\/cbie.ca\/fr\/wp-json\/wp\/v2\/pages"}],"about":[{"href":"https:\/\/cbie.ca\/fr\/wp-json\/wp\/v2\/types\/page"}],"author":[{"embeddable":true,"href":"https:\/\/cbie.ca\/fr\/wp-json\/wp\/v2\/users\/2"}],"replies":[{"embeddable":true,"href":"https:\/\/cbie.ca\/fr\/wp-json\/wp\/v2\/comments?post=107144"}],"version-history":[{"count":2,"href":"https:\/\/cbie.ca\/fr\/wp-json\/wp\/v2\/pages\/107144\/revisions"}],"predecessor-version":[{"id":119520,"href":"https:\/\/cbie.ca\/fr\/wp-json\/wp\/v2\/pages\/107144\/revisions\/119520"}],"up":[{"embeddable":true,"href":"https:\/\/cbie.ca\/fr\/wp-json\/wp\/v2\/pages\/17119"}],"wp:attachment":[{"href":"https:\/\/cbie.ca\/fr\/wp-json\/wp\/v2\/media?parent=107144"}],"curies":[{"name":"wp","href":"https:\/\/api.w.org\/{rel}","templated":true}]}}