{"id":101750,"date":"2023-08-03T09:45:02","date_gmt":"2023-08-03T13:45:02","guid":{"rendered":"https:\/\/cbieca.wpenginepowered.com\/?page_id=101750"},"modified":"2024-12-09T13:22:27","modified_gmt":"2024-12-09T18:22:27","slug":"souscrire","status":"publish","type":"page","link":"https:\/\/cbie.ca\/fr\/souscrire\/","title":{"rendered":"Inscrivez-vous \u00e0 notre liste de diffusion"},"content":{"rendered":"<div class=\"wpb-content-wrapper\"><p>[vc_row][vc_column width=\u00a0\u00bb1\/1&Prime;][vc_column_text]<\/p>\n<h3>Inscrivez-vous \u00e0 notre liste de diffusion<\/h3>\n<p>Inscrivez-vous pour recevoir les derni\u00e8res nouvelles, mises \u00e0 jour et \u00e9v\u00e9nements qui se d\u00e9roulent au BCEI et au sein de notre communaut\u00e9.[\/vc_column_text]<div class=\"spacer\" style=\"height: 40px;\"><\/div>[vc_raw_js]JTNDc2NyaXB0JTIwc3JjJTNEJTIyaHR0cHMlM0ElMkYlMkZhamF4Lmdvb2dsZWFwaXMuY29tJTJGYWpheCUyRmxpYnMlMkZqcXVlcnklMkYxLjkuMSUyRmpxdWVyeS5taW4uanMlMjIlM0UlM0MlMkZzY3JpcHQlM0UlMEElM0NzcGFuJTIwY2xhc3MlM0QlMjJyZWxhdGVkVG9fMjQ5MzQ0ZmVlZTQyMDUyMzNkNzljM2EwYmNjMTNjNGNlMzlhNDczYSUyMiUyMHN0eWxlJTNEJTIyZGlzcGxheSUzQSUyMG5vbmUlM0IlMjIlM0UlM0MlMjEtLSUyMElOU0VSVCUyMEFOWVRISU5HJTIwWU9VJTIwV0FOVCUyMFRPJTIwSElERSUyMEFGVEVSJTIwVEhFJTIwQlVUVE9OJTIwSVMlMjBDTElDS0VEJTIwSEVSRSUyMCUyRiUyRi0tJTNFJTNDJTJGc3BhbiUzRSUwQSUzQ3NwYW4lMjBjbGFzcyUzRCUyMnN1Y2Nlc3NNZXNzYWdlXzI0OTM0NGZlZWU0MjA1MjMzZDc5YzNhMGJjYzEzYzRjZTM5YTQ3M2ElMjIlMjBzdHlsZSUzRCUyMmRpc3BsYXklM0ElMjBub25lJTNCJTIyJTNFTWVyY2klM0MlMjEtLSUyMElOU0VSVCUyMFlPVVIlMjBTVUNDRVNTJTIwTUVTU0FHRSUyMEhFUkUlMjAlMkYlMkYtLSUzRSUzQyUyRnNwYW4lM0UlMEElM0NzcGFuJTIwaWQlM0QlMjJvcHRpbl8yNDkzNDRmZWVlNDIwNTIzM2Q3OWMzYTBiY2MxM2M0Y2UzOWE0NzNhJTIyJTNFJTNDJTJGc3BhbiUzRSUwQSUzQ3NjcmlwdCUzRSUwQSUyMCUyMCUyMCUyMGpRdWVyeSUyOCUyMGRvY3VtZW50JTIwJTI5LnJlYWR5JTI4ZnVuY3Rpb24lMjglMjAlMjQlMjAlMjklMjAlN0IlMEElMjAlMjAlMjAlMjAlMjAlMjAlMjAlMjAlMjQuZ2V0JTI4JTIyaHR0cHMlM0ElMkYlMkZjYmllLm1lbWJlcjM2NS5jYSUyRnB1YmxpYyUyRmxpc3RidWlsZGVyJTJGZ2V0T3B0aW4lMkYyJTJGMjQ5MzQ0ZmVlZTQyMDUyMzNkNzljM2EwYmNjMTNjNGNlMzlhNDczYSUyMiUyQyUyMGZ1bmN0aW9uJTIwJTI4ZGF0YSUyOSUyMCU3QiUwQSUyMCUyMCUyMCUyMCUyMCUyMCUyMCUyMCUyMCUyMCUyMCUyMCUyNCUyOCUyMiUyM29wdGluXzI0OTM0NGZlZWU0MjA1MjMzZDc5YzNhMGJjYzEzYzRjZTM5YTQ3M2ElMjIlMjkuaHRtbCUyOGRhdGElMjklM0IlMEElMjAlMjAlMjAlMjAlMjAlMjAlMjAlMjAlN0QlMjklM0IlMEElMjAlMjAlMjAlMjAlN0QlMjklM0IlMEElM0MlMkZzY3JpcHQlM0U=[\/vc_raw_js][\/vc_column][\/vc_row]<\/p>\n<\/div>","protected":false},"excerpt":{"rendered":"<p>[vc_row][vc_column width=\u00a0\u00bb1\/1&Prime;][vc_column_text] Inscrivez-vous \u00e0 notre liste de diffusion Inscrivez-vous pour recevoir les derni\u00e8res nouvelles, mises \u00e0 jour et \u00e9v\u00e9nements qui se d\u00e9roulent au BCEI et au sein de notre communaut\u00e9.[\/vc_column_text][vc_raw_js]JTNDc2NyaXB0JTIwc3JjJTNEJTIyaHR0cHMlM0ElMkYlMkZhamF4Lmdvb2dsZWFwaXMuY29tJTJGYWpheCUyRmxpYnMlMkZqcXVlcnklMkYxLjkuMSUyRmpxdWVyeS5taW4uanMlMjIlM0UlM0MlMkZzY3JpcHQlM0UlMEElM0NzcGFuJTIwY2xhc3MlM0QlMjJyZWxhdGVkVG9fMjQ5MzQ0ZmVlZTQyMDUyMzNkNzljM2EwYmNjMTNjNGNlMzlhNDczYSUyMiUyMHN0eWxlJTNEJTIyZGlzcGxheSUzQSUyMG5vbmUlM0IlMjIlM0UlM0MlMjEtLSUyMElOU0VSVCUyMEFOWVRISU5HJTIwWU9VJTIwV0FOVCUyMFRPJTIwSElERSUyMEFGVEVSJTIwVEhFJTIwQlVUVE9OJTIwSVMlMjBDTElDS0VEJTIwSEVSRSUyMCUyRiUyRi0tJTNFJTNDJTJGc3BhbiUzRSUwQSUzQ3NwYW4lMjBjbGFzcyUzRCUyMnN1Y2Nlc3NNZXNzYWdlXzI0OTM0NGZlZWU0MjA1MjMzZDc5YzNhMGJjYzEzYzRjZTM5YTQ3M2ElMjIlMjBzdHlsZSUzRCUyMmRpc3BsYXklM0ElMjBub25lJTNCJTIyJTNFTWVyY2klM0MlMjEtLSUyMElOU0VSVCUyMFlPVVIlMjBTVUNDRVNTJTIwTUVTU0FHRSUyMEhFUkUlMjAlMkYlMkYtLSUzRSUzQyUyRnNwYW4lM0UlMEElM0NzcGFuJTIwaWQlM0QlMjJvcHRpbl8yNDkzNDRmZWVlNDIwNTIzM2Q3OWMzYTBiY2MxM2M0Y2UzOWE0NzNhJTIyJTNFJTNDJTJGc3BhbiUzRSUwQSUzQ3NjcmlwdCUzRSUwQSUyMCUyMCUyMCUyMGpRdWVyeSUyOCUyMGRvY3VtZW50JTIwJTI5LnJlYWR5JTI4ZnVuY3Rpb24lMjglMjAlMjQlMjAlMjklMjAlN0IlMEElMjAlMjAlMjAlMjAlMjAlMjAlMjAlMjAlMjQuZ2V0JTI4JTIyaHR0cHMlM0ElMkYlMkZjYmllLm1lbWJlcjM2NS5jYSUyRnB1YmxpYyUyRmxpc3RidWlsZGVyJTJGZ2V0T3B0aW4lMkYyJTJGMjQ5MzQ0ZmVlZTQyMDUyMzNkNzljM2EwYmNjMTNjNGNlMzlhNDczYSUyMiUyQyUyMGZ1bmN0aW9uJTIwJTI4ZGF0YSUyOSUyMCU3QiUwQSUyMCUyMCUyMCUyMCUyMCUyMCUyMCUyMCUyMCUyMCUyMCUyMCUyNCUyOCUyMiUyM29wdGluXzI0OTM0NGZlZWU0MjA1MjMzZDc5YzNhMGJjYzEzYzRjZTM5YTQ3M2ElMjIlMjkuaHRtbCUyOGRhdGElMjklM0IlMEElMjAlMjAlMjAlMjAlMjAlMjAlMjAlMjAlN0QlMjklM0IlMEElMjAlMjAlMjAlMjAlN0QlMjklM0IlMEElM0MlMkZzY3JpcHQlM0U=[\/vc_raw_js][\/vc_column][\/vc_row]<\/p>\n","protected":false},"author":2,"featured_media":0,"parent":0,"menu_order":0,"comment_status":"closed","ping_status":"closed","template":"","meta":{"_acf_changed":false,"footnotes":""},"class_list":["post-101750","page","type-page","status-publish","hentry"],"acf":[],"yoast_head":"<!-- This site is optimized with the Yoast SEO plugin v27.3 - https:\/\/yoast.com\/product\/yoast-seo-wordpress\/ -->\n<title>Inscrivez-vous \u00e0 notre liste de diffusion - CBIE<\/title>\n<meta name=\"robots\" content=\"index, follow, max-snippet:-1, max-image-preview:large, max-video-preview:-1\" \/>\n<link rel=\"canonical\" href=\"https:\/\/cbie.ca\/fr\/souscrire\/\" \/>\n<meta property=\"og:locale\" content=\"fr_FR\" \/>\n<meta property=\"og:type\" content=\"article\" \/>\n<meta property=\"og:title\" content=\"Inscrivez-vous \u00e0 notre liste de diffusion - CBIE\" \/>\n<meta property=\"og:description\" content=\"[vc_row][vc_column width=\u00a0\u00bb1\/1&Prime;][vc_column_text] Inscrivez-vous \u00e0 notre liste de diffusion Inscrivez-vous pour recevoir les derni\u00e8res nouvelles, mises \u00e0 jour et \u00e9v\u00e9nements qui se d\u00e9roulent au BCEI et au sein de notre communaut\u00e9.[\/vc_column_text][vc_raw_js]JTNDc2NyaXB0JTIwc3JjJTNEJTIyaHR0cHMlM0ElMkYlMkZhamF4Lmdvb2dsZWFwaXMuY29tJTJGYWpheCUyRmxpYnMlMkZqcXVlcnklMkYxLjkuMSUyRmpxdWVyeS5taW4uanMlMjIlM0UlM0MlMkZzY3JpcHQlM0UlMEElM0NzcGFuJTIwY2xhc3MlM0QlMjJyZWxhdGVkVG9fMjQ5MzQ0ZmVlZTQyMDUyMzNkNzljM2EwYmNjMTNjNGNlMzlhNDczYSUyMiUyMHN0eWxlJTNEJTIyZGlzcGxheSUzQSUyMG5vbmUlM0IlMjIlM0UlM0MlMjEtLSUyMElOU0VSVCUyMEFOWVRISU5HJTIwWU9VJTIwV0FOVCUyMFRPJTIwSElERSUyMEFGVEVSJTIwVEhFJTIwQlVUVE9OJTIwSVMlMjBDTElDS0VEJTIwSEVSRSUyMCUyRiUyRi0tJTNFJTNDJTJGc3BhbiUzRSUwQSUzQ3NwYW4lMjBjbGFzcyUzRCUyMnN1Y2Nlc3NNZXNzYWdlXzI0OTM0NGZlZWU0MjA1MjMzZDc5YzNhMGJjYzEzYzRjZTM5YTQ3M2ElMjIlMjBzdHlsZSUzRCUyMmRpc3BsYXklM0ElMjBub25lJTNCJTIyJTNFTWVyY2klM0MlMjEtLSUyMElOU0VSVCUyMFlPVVIlMjBTVUNDRVNTJTIwTUVTU0FHRSUyMEhFUkUlMjAlMkYlMkYtLSUzRSUzQyUyRnNwYW4lM0UlMEElM0NzcGFuJTIwaWQlM0QlMjJvcHRpbl8yNDkzNDRmZWVlNDIwNTIzM2Q3OWMzYTBiY2MxM2M0Y2UzOWE0NzNhJTIyJTNFJTNDJTJGc3BhbiUzRSUwQSUzQ3NjcmlwdCUzRSUwQSUyMCUyMCUyMCUyMGpRdWVyeSUyOCUyMGRvY3VtZW50JTIwJTI5LnJlYWR5JTI4ZnVuY3Rpb24lMjglMjAlMjQlMjAlMjklMjAlN0IlMEElMjAlMjAlMjAlMjAlMjAlMjAlMjAlMjAlMjQuZ2V0JTI4JTIyaHR0cHMlM0ElMkYlMkZjYmllLm1lbWJlcjM2NS5jYSUyRnB1YmxpYyUyRmxpc3RidWlsZGVyJTJGZ2V0T3B0aW4lMkYyJTJGMjQ5MzQ0ZmVlZTQyMDUyMzNkNzljM2EwYmNjMTNjNGNlMzlhNDczYSUyMiUyQyUyMGZ1bmN0aW9uJTIwJTI4ZGF0YSUyOSUyMCU3QiUwQSUyMCUyMCUyMCUyMCUyMCUyMCUyMCUyMCUyMCUyMCUyMCUyMCUyNCUyOCUyMiUyM29wdGluXzI0OTM0NGZlZWU0MjA1MjMzZDc5YzNhMGJjYzEzYzRjZTM5YTQ3M2ElMjIlMjkuaHRtbCUyOGRhdGElMjklM0IlMEElMjAlMjAlMjAlMjAlMjAlMjAlMjAlMjAlN0QlMjklM0IlMEElMjAlMjAlMjAlMjAlN0QlMjklM0IlMEElM0MlMkZzY3JpcHQlM0U=[\/vc_raw_js][\/vc_column][\/vc_row]\" \/>\n<meta property=\"og:url\" content=\"https:\/\/cbie.ca\/fr\/souscrire\/\" \/>\n<meta property=\"og:site_name\" content=\"CBIE\" \/>\n<meta property=\"article:modified_time\" content=\"2024-12-09T18:22:27+00:00\" \/>\n<meta property=\"og:image\" content=\"https:\/\/cbie.ca\/wp-content\/uploads\/2024\/01\/CBIE-Announcement-EN.png\" \/>\n\t<meta property=\"og:image:width\" content=\"1600\" \/>\n\t<meta property=\"og:image:height\" content=\"900\" \/>\n\t<meta property=\"og:image:type\" content=\"image\/png\" \/>\n<meta name=\"twitter:card\" content=\"summary_large_image\" \/>\n<meta name=\"twitter:label1\" content=\"Dur\u00e9e de lecture estim\u00e9e\" \/>\n\t<meta name=\"twitter:data1\" content=\"1 minute\" \/>\n<script type=\"application\/ld+json\" class=\"yoast-schema-graph\">{\"@context\":\"https:\\\/\\\/schema.org\",\"@graph\":[{\"@type\":\"WebPage\",\"@id\":\"https:\\\/\\\/cbie.ca\\\/fr\\\/souscrire\\\/\",\"url\":\"https:\\\/\\\/cbie.ca\\\/fr\\\/souscrire\\\/\",\"name\":\"Inscrivez-vous \u00e0 notre liste de diffusion - CBIE\",\"isPartOf\":{\"@id\":\"https:\\\/\\\/cbie.ca\\\/#website\"},\"datePublished\":\"2023-08-03T13:45:02+00:00\",\"dateModified\":\"2024-12-09T18:22:27+00:00\",\"breadcrumb\":{\"@id\":\"https:\\\/\\\/cbie.ca\\\/fr\\\/souscrire\\\/#breadcrumb\"},\"inLanguage\":\"fr-FR\",\"potentialAction\":[{\"@type\":\"ReadAction\",\"target\":[\"https:\\\/\\\/cbie.ca\\\/fr\\\/souscrire\\\/\"]}]},{\"@type\":\"BreadcrumbList\",\"@id\":\"https:\\\/\\\/cbie.ca\\\/fr\\\/souscrire\\\/#breadcrumb\",\"itemListElement\":[{\"@type\":\"ListItem\",\"position\":1,\"name\":\"Home\",\"item\":\"https:\\\/\\\/cbie.ca\\\/fr\\\/\"},{\"@type\":\"ListItem\",\"position\":2,\"name\":\"Inscrivez-vous \u00e0 notre liste de diffusion\"}]},{\"@type\":\"WebSite\",\"@id\":\"https:\\\/\\\/cbie.ca\\\/#website\",\"url\":\"https:\\\/\\\/cbie.ca\\\/\",\"name\":\"Canadian Bureau for International Education\",\"description\":\"\",\"potentialAction\":[{\"@type\":\"SearchAction\",\"target\":{\"@type\":\"EntryPoint\",\"urlTemplate\":\"https:\\\/\\\/cbie.ca\\\/?s={search_term_string}\"},\"query-input\":{\"@type\":\"PropertyValueSpecification\",\"valueRequired\":true,\"valueName\":\"search_term_string\"}}],\"inLanguage\":\"fr-FR\"}]}<\/script>\n<!-- \/ Yoast SEO plugin. -->","yoast_head_json":{"title":"Inscrivez-vous \u00e0 notre liste de diffusion - CBIE","robots":{"index":"index","follow":"follow","max-snippet":"max-snippet:-1","max-image-preview":"max-image-preview:large","max-video-preview":"max-video-preview:-1"},"canonical":"https:\/\/cbie.ca\/fr\/souscrire\/","og_locale":"fr_FR","og_type":"article","og_title":"Inscrivez-vous \u00e0 notre liste de diffusion - CBIE","og_description":"[vc_row][vc_column width=\u00a0\u00bb1\/1&Prime;][vc_column_text] Inscrivez-vous \u00e0 notre liste de diffusion Inscrivez-vous pour recevoir les derni\u00e8res nouvelles, mises \u00e0 jour et \u00e9v\u00e9nements qui se d\u00e9roulent au BCEI et au sein de notre communaut\u00e9.[\/vc_column_text][vc_raw_js]JTNDc2NyaXB0JTIwc3JjJTNEJTIyaHR0cHMlM0ElMkYlMkZhamF4Lmdvb2dsZWFwaXMuY29tJTJGYWpheCUyRmxpYnMlMkZqcXVlcnklMkYxLjkuMSUyRmpxdWVyeS5taW4uanMlMjIlM0UlM0MlMkZzY3JpcHQlM0UlMEElM0NzcGFuJTIwY2xhc3MlM0QlMjJyZWxhdGVkVG9fMjQ5MzQ0ZmVlZTQyMDUyMzNkNzljM2EwYmNjMTNjNGNlMzlhNDczYSUyMiUyMHN0eWxlJTNEJTIyZGlzcGxheSUzQSUyMG5vbmUlM0IlMjIlM0UlM0MlMjEtLSUyMElOU0VSVCUyMEFOWVRISU5HJTIwWU9VJTIwV0FOVCUyMFRPJTIwSElERSUyMEFGVEVSJTIwVEhFJTIwQlVUVE9OJTIwSVMlMjBDTElDS0VEJTIwSEVSRSUyMCUyRiUyRi0tJTNFJTNDJTJGc3BhbiUzRSUwQSUzQ3NwYW4lMjBjbGFzcyUzRCUyMnN1Y2Nlc3NNZXNzYWdlXzI0OTM0NGZlZWU0MjA1MjMzZDc5YzNhMGJjYzEzYzRjZTM5YTQ3M2ElMjIlMjBzdHlsZSUzRCUyMmRpc3BsYXklM0ElMjBub25lJTNCJTIyJTNFTWVyY2klM0MlMjEtLSUyMElOU0VSVCUyMFlPVVIlMjBTVUNDRVNTJTIwTUVTU0FHRSUyMEhFUkUlMjAlMkYlMkYtLSUzRSUzQyUyRnNwYW4lM0UlMEElM0NzcGFuJTIwaWQlM0QlMjJvcHRpbl8yNDkzNDRmZWVlNDIwNTIzM2Q3OWMzYTBiY2MxM2M0Y2UzOWE0NzNhJTIyJTNFJTNDJTJGc3BhbiUzRSUwQSUzQ3NjcmlwdCUzRSUwQSUyMCUyMCUyMCUyMGpRdWVyeSUyOCUyMGRvY3VtZW50JTIwJTI5LnJlYWR5JTI4ZnVuY3Rpb24lMjglMjAlMjQlMjAlMjklMjAlN0IlMEElMjAlMjAlMjAlMjAlMjAlMjAlMjAlMjAlMjQuZ2V0JTI4JTIyaHR0cHMlM0ElMkYlMkZjYmllLm1lbWJlcjM2NS5jYSUyRnB1YmxpYyUyRmxpc3RidWlsZGVyJTJGZ2V0T3B0aW4lMkYyJTJGMjQ5MzQ0ZmVlZTQyMDUyMzNkNzljM2EwYmNjMTNjNGNlMzlhNDczYSUyMiUyQyUyMGZ1bmN0aW9uJTIwJTI4ZGF0YSUyOSUyMCU3QiUwQSUyMCUyMCUyMCUyMCUyMCUyMCUyMCUyMCUyMCUyMCUyMCUyMCUyNCUyOCUyMiUyM29wdGluXzI0OTM0NGZlZWU0MjA1MjMzZDc5YzNhMGJjYzEzYzRjZTM5YTQ3M2ElMjIlMjkuaHRtbCUyOGRhdGElMjklM0IlMEElMjAlMjAlMjAlMjAlMjAlMjAlMjAlMjAlN0QlMjklM0IlMEElMjAlMjAlMjAlMjAlN0QlMjklM0IlMEElM0MlMkZzY3JpcHQlM0U=[\/vc_raw_js][\/vc_column][\/vc_row]","og_url":"https:\/\/cbie.ca\/fr\/souscrire\/","og_site_name":"CBIE","article_modified_time":"2024-12-09T18:22:27+00:00","og_image":[{"width":1600,"height":900,"url":"https:\/\/cbie.ca\/wp-content\/uploads\/2024\/01\/CBIE-Announcement-EN.png","type":"image\/png"}],"twitter_card":"summary_large_image","twitter_misc":{"Dur\u00e9e de lecture estim\u00e9e":"1 minute"},"schema":{"@context":"https:\/\/schema.org","@graph":[{"@type":"WebPage","@id":"https:\/\/cbie.ca\/fr\/souscrire\/","url":"https:\/\/cbie.ca\/fr\/souscrire\/","name":"Inscrivez-vous \u00e0 notre liste de diffusion - CBIE","isPartOf":{"@id":"https:\/\/cbie.ca\/#website"},"datePublished":"2023-08-03T13:45:02+00:00","dateModified":"2024-12-09T18:22:27+00:00","breadcrumb":{"@id":"https:\/\/cbie.ca\/fr\/souscrire\/#breadcrumb"},"inLanguage":"fr-FR","potentialAction":[{"@type":"ReadAction","target":["https:\/\/cbie.ca\/fr\/souscrire\/"]}]},{"@type":"BreadcrumbList","@id":"https:\/\/cbie.ca\/fr\/souscrire\/#breadcrumb","itemListElement":[{"@type":"ListItem","position":1,"name":"Home","item":"https:\/\/cbie.ca\/fr\/"},{"@type":"ListItem","position":2,"name":"Inscrivez-vous \u00e0 notre liste de diffusion"}]},{"@type":"WebSite","@id":"https:\/\/cbie.ca\/#website","url":"https:\/\/cbie.ca\/","name":"Canadian Bureau for International Education","description":"","potentialAction":[{"@type":"SearchAction","target":{"@type":"EntryPoint","urlTemplate":"https:\/\/cbie.ca\/?s={search_term_string}"},"query-input":{"@type":"PropertyValueSpecification","valueRequired":true,"valueName":"search_term_string"}}],"inLanguage":"fr-FR"}]}},"_links":{"self":[{"href":"https:\/\/cbie.ca\/fr\/wp-json\/wp\/v2\/pages\/101750","targetHints":{"allow":["GET"]}}],"collection":[{"href":"https:\/\/cbie.ca\/fr\/wp-json\/wp\/v2\/pages"}],"about":[{"href":"https:\/\/cbie.ca\/fr\/wp-json\/wp\/v2\/types\/page"}],"author":[{"embeddable":true,"href":"https:\/\/cbie.ca\/fr\/wp-json\/wp\/v2\/users\/2"}],"replies":[{"embeddable":true,"href":"https:\/\/cbie.ca\/fr\/wp-json\/wp\/v2\/comments?post=101750"}],"version-history":[{"count":0,"href":"https:\/\/cbie.ca\/fr\/wp-json\/wp\/v2\/pages\/101750\/revisions"}],"wp:attachment":[{"href":"https:\/\/cbie.ca\/fr\/wp-json\/wp\/v2\/media?parent=101750"}],"curies":[{"name":"wp","href":"https:\/\/api.w.org\/{rel}","templated":true}]}}