{"id":100886,"date":"2023-06-06T09:52:27","date_gmt":"2023-06-06T13:52:27","guid":{"rendered":"https:\/\/cbieca.wpenginepowered.com\/notre-travail\/visites-internationales\/missions-de-collaboration-new\/general-mission-information\/"},"modified":"2023-06-06T18:32:47","modified_gmt":"2023-06-06T22:32:47","slug":"informations-generales-sur-la-mission","status":"publish","type":"page","link":"https:\/\/cbie.ca\/fr\/who-we-are\/partenariats\/missions-de-collaboration\/informations-generales-sur-la-mission\/","title":{"rendered":"Informations g\u00e9n\u00e9rales sur la mission"},"content":{"rendered":"<div class=\"wpb-content-wrapper\"><p>[vc_row bg_image=\u00a0\u00bb100609&Prime; parallax_bg=\u00a0\u00bbtrue\u00a0\u00bb bg_color=\u00a0\u00bb#01426a\u00a0\u00bb text_color=\u00a0\u00bblight\u00a0\u00bb text_align=\u00a0\u00bbcenter\u00a0\u00bb top_padding=\u00a0\u00bb40&Prime; bottom_padding=\u00a0\u00bb40&Prime; row_id=\u00a0\u00bbhero-banner\u00a0\u00bb][vc_column column_padding=\u00a0\u00bbcustom-padding\u00a0\u00bb column_custompadding=\u00a0\u00bb12% 0px\u00a0\u00bb text_color=\u00a0\u00bblight\u00a0\u00bb text_align=\u00a0\u00bbcenter\u00a0\u00bb width=\u00a0\u00bb1\/6&Prime;][\/vc_column][vc_column column_padding=\u00a0\u00bbcustom-padding\u00a0\u00bb column_custompadding=\u00a0\u00bb15% 0px\u00a0\u00bb width=\u00a0\u00bb2\/3&Prime;][vc_column_text]<\/p>\n<h4>Missions de collaboration internationale<\/h4>\n<p>[\/vc_column_text][vc_empty_space height=\u00a0\u00bb30px\u00a0\u00bb][vc_column_text]<\/p>\n<h1>Informations g\u00e9n\u00e9rales sur la mission<\/h1>\n<p>[\/vc_column_text][\/vc_column][vc_column width=\u00a0\u00bb1\/6&Prime;][\/vc_column][\/vc_row][vc_row top_padding=\u00a0\u00bb70&Prime; bottom_padding=\u00a0\u00bb50&Prime;][vc_column width=\u00a0\u00bb1\/1&Prime;][vc_column_text]Le BCEI tire parti de sa position unique, ainsi que de son r\u00e9seau international, afin d\u2019offrir \u00e0 ses membres des occasions exclusives de d\u00e9velopper de nouveaux partenariats, tout en maintenant les partenariats existants, dans des pays prioritaires du monde entier. Dans le cadre de ces missions de partenariat, le BCEI met ses membres en contact avec des gouvernements internationaux, des \u00e9tablissements d\u2019enseignement sup\u00e9rieur, des associations \u00e9ducatives, des \u00e9coles primaires et secondaires (qu\u2019elles soient exploit\u00e9es localement ou qu\u2019il s\u2019agisse d\u2019\u00e9coles canadiennes \u00e0 l\u2019\u00e9tranger), ainsi qu\u2019avec des organisations non gouvernementales internationales et locales, et des groupes de r\u00e9flexion en mati\u00e8re de politiques qui \u0153uvrent dans le domaine de l\u2019\u00e9ducation.[\/vc_column_text][\/vc_column][\/vc_row][vc_row][vc_column width=\u00a0\u00bb1\/1&Prime;]<div class=\"single_image wpb_content_element align-center    chat-icon\" data-animation=\"none\" data-delay=\"0\"><img loading=\"lazy\" decoding=\"async\" width=\"275\" height=\"238\" src=\"https:\/\/cbie.ca\/wp-content\/uploads\/2023\/06\/partnerships-info-chat-icon.png\" class=\"attachment-full\" alt=\"\" title=\"partnerships-info-chat-icon\" \/><\/div>[\/vc_column][\/vc_row][vc_row top_padding=\u00a0\u00bb50&Prime;][vc_column width=\u00a0\u00bb1\/2&Prime;][vc_column_text]<\/p>\n<h6>COMMENT LES PAYS CIBLES SONT-ILS S\u00c9LECTIONN\u00c9S?<\/h6>\n<p>[\/vc_column_text]<div class=\"newdivider align-left\" style=\"border-bottom-style: solid; border-color: #1c86a4; border-bottom-width: 2px; margin-top: 20px; margin-bottom: 20px; width: 130px; \"><\/div><div class=\"clear\"><\/div>[vc_column_text]Les missions sont planifi\u00e9es par le BCEI avec la collaboration de ses membres. L\u2019existence de relations strat\u00e9giques dans le pays ou la r\u00e9gion cible favorise la mise en place d\u2019un programme productif.[\/vc_column_text]<div class=\"spacer\" style=\"height: 80px;\"><\/div>[vc_column_text]<\/p>\n<h6>QUI PEUT PARTICIPER?<\/h6>\n<p>[\/vc_column_text]<div class=\"newdivider align-left\" style=\"border-bottom-style: solid; border-color: #1c86a4; border-bottom-width: 2px; margin-top: 20px; margin-bottom: 20px; width: 130px; \"><\/div><div class=\"clear\"><\/div>[vc_column_text]La participation des \u00e9tablissements est d\u00e9termin\u00e9e en fonction du th\u00e8me de la mission.<\/p>\n<p>Les profils des participants souhait\u00e9s sont d\u00e9crits dans l\u2019appel initial \u00e0 la manifestation d\u2019int\u00e9r\u00eat de la mission de collaboration qui est propre au pays.<\/p>\n<p>Le BCEI invite les \u00e9tablissements qui sont nouveaux sur le march\u00e9 potentiel, ainsi que ceux qui y \u00e9taient d\u00e9j\u00e0 pr\u00e9sents, \u00e0 participer. La diversit\u00e9 des exp\u00e9riences offre diff\u00e9rentes possibilit\u00e9s de mentorat entre les participant.e.s de la mission.[\/vc_column_text][\/vc_column][vc_column width=\u00a0\u00bb1\/2&Prime;][vc_column_text]<\/p>\n<h6>QUEL EST LE PROGRAMME D\u2019UNE MISSION TYPIQUE?<\/h6>\n<p>[\/vc_column_text]<div class=\"newdivider align-left\" style=\"border-bottom-style: solid; border-color: #1c86a4; border-bottom-width: 2px; margin-top: 20px; margin-bottom: 20px; width: 130px; \"><\/div><div class=\"clear\"><\/div>[vc_column_text]<\/p>\n<ul>\n<li>des tables rondes\/ateliers pour souligner l\u2019importance des relations bilat\u00e9rales dans le domaine de l\u2019\u00e9ducation;<\/li>\n<li>des visites individuelles d\u2019\u00e9tablissements pour discuter des possibilit\u00e9s de partenariat avec d\u2019autres \u00e9tablissements du m\u00eame type dans le pays cible;<\/li>\n<li>des rencontres avec de hauts fonctionnaires du pays pour comprendre le contexte \u00e9ducatif, les plans et les priorit\u00e9s du gouvernement;<\/li>\n<li>des rencontres avec des \u00e9coles primaires et secondaires s\u00e9lectionn\u00e9es afin de promouvoir les \u00e9tablissements canadiens en tant que destinations potentielles pour l\u2019enseignement postsecondaire;<\/li>\n<li>des consultations avec des expert.e.s et des praticien.ne.s reconnu.e.s dans le secteur de l\u2019\u00e9ducation, qui sont issu.e.s d\u2019organisations non gouvernementales internationales et locales.<\/li>\n<\/ul>\n<p>[\/vc_column_text][\/vc_column][\/vc_row][vc_row text_align=\u00a0\u00bbcenter\u00a0\u00bb top_padding=\u00a0\u00bb60&Prime; bottom_padding=\u00a0\u00bb80&Prime;][vc_column width=\u00a0\u00bb1\/1&Prime;][vc_column_text]<strong>Pour plus d\u2019informations, consultez nos <a href=\"https:\/\/cbie.ca\/fr\/who-we-are\/partenariats\/missions-de-collaboration\/notre-experience\/\">missions de collaboration ant\u00e9rieures<\/a> ou contactez-nous \u00e0 l\u2019adresse <a href=\"mailto:Partnerships-Partenariats@cbie.ca\">Partnerships-Partenariats@cbie.ca<\/a><\/strong>[\/vc_column_text][\/vc_column][\/vc_row]<\/p>\n<\/div>","protected":false},"excerpt":{"rendered":"<p>[vc_row bg_image=\u00a0\u00bb100609&Prime; parallax_bg=\u00a0\u00bbtrue\u00a0\u00bb bg_color=\u00a0\u00bb#01426a\u00a0\u00bb text_color=\u00a0\u00bblight\u00a0\u00bb text_align=\u00a0\u00bbcenter\u00a0\u00bb top_padding=\u00a0\u00bb40&Prime; bottom_padding=\u00a0\u00bb40&Prime; row_id=\u00a0\u00bbhero-banner\u00a0\u00bb][vc_column column_padding=\u00a0\u00bbcustom-padding\u00a0\u00bb column_custompadding=\u00a0\u00bb12% 0px\u00a0\u00bb text_color=\u00a0\u00bblight\u00a0\u00bb text_align=\u00a0\u00bbcenter\u00a0\u00bb width=\u00a0\u00bb1\/6&Prime;][\/vc_column][vc_column column_padding=\u00a0\u00bbcustom-padding\u00a0\u00bb column_custompadding=\u00a0\u00bb15% 0px\u00a0\u00bb width=\u00a0\u00bb2\/3&Prime;][vc_column_text] Missions de collaboration internationale [\/vc_column_text][vc_empty_space height=\u00a0\u00bb30px\u00a0\u00bb][vc_column_text] Informations g\u00e9n\u00e9rales sur la mission [&hellip;]<\/p>\n","protected":false},"author":2,"featured_media":0,"parent":100558,"menu_order":0,"comment_status":"closed","ping_status":"closed","template":"","meta":{"_acf_changed":false,"footnotes":""},"class_list":["post-100886","page","type-page","status-publish","hentry"],"acf":[],"yoast_head":"<!-- This site is optimized with the Yoast SEO plugin v26.8 - https:\/\/yoast.com\/product\/yoast-seo-wordpress\/ -->\n<title>Informations g\u00e9n\u00e9rales sur la mission - CBIE<\/title>\n<meta name=\"robots\" content=\"index, follow, max-snippet:-1, max-image-preview:large, max-video-preview:-1\" \/>\n<link rel=\"canonical\" href=\"https:\/\/cbie.ca\/fr\/who-we-are\/partenariats\/missions-de-collaboration\/informations-generales-sur-la-mission\/\" \/>\n<meta property=\"og:locale\" content=\"fr_FR\" \/>\n<meta property=\"og:type\" content=\"article\" \/>\n<meta property=\"og:title\" content=\"Informations g\u00e9n\u00e9rales sur la mission - CBIE\" \/>\n<meta property=\"og:description\" content=\"[vc_row bg_image=\u00a0\u00bb100609&Prime; parallax_bg=\u00a0\u00bbtrue\u00a0\u00bb bg_color=\u00a0\u00bb#01426a\u00a0\u00bb text_color=\u00a0\u00bblight\u00a0\u00bb text_align=\u00a0\u00bbcenter\u00a0\u00bb top_padding=\u00a0\u00bb40&Prime; bottom_padding=\u00a0\u00bb40&Prime; row_id=\u00a0\u00bbhero-banner\u00a0\u00bb][vc_column column_padding=\u00a0\u00bbcustom-padding\u00a0\u00bb column_custompadding=\u00a0\u00bb12% 0px\u00a0\u00bb text_color=\u00a0\u00bblight\u00a0\u00bb text_align=\u00a0\u00bbcenter\u00a0\u00bb width=\u00a0\u00bb1\/6&Prime;][\/vc_column][vc_column column_padding=\u00a0\u00bbcustom-padding\u00a0\u00bb column_custompadding=\u00a0\u00bb15% 0px\u00a0\u00bb width=\u00a0\u00bb2\/3&Prime;][vc_column_text] Missions de collaboration internationale [\/vc_column_text][vc_empty_space height=\u00a0\u00bb30px\u00a0\u00bb][vc_column_text] Informations g\u00e9n\u00e9rales sur la mission [&hellip;]\" \/>\n<meta property=\"og:url\" content=\"https:\/\/cbie.ca\/fr\/who-we-are\/partenariats\/missions-de-collaboration\/informations-generales-sur-la-mission\/\" \/>\n<meta property=\"og:site_name\" content=\"CBIE\" \/>\n<meta property=\"article:modified_time\" content=\"2023-06-06T22:32:47+00:00\" \/>\n<meta property=\"og:image\" content=\"https:\/\/cbie.ca\/wp-content\/uploads\/2024\/01\/CBIE-Announcement-EN.png\" \/>\n\t<meta property=\"og:image:width\" content=\"1600\" \/>\n\t<meta property=\"og:image:height\" content=\"900\" \/>\n\t<meta property=\"og:image:type\" content=\"image\/png\" \/>\n<meta name=\"twitter:card\" content=\"summary_large_image\" \/>\n<meta name=\"twitter:label1\" content=\"Dur\u00e9e de lecture estim\u00e9e\" \/>\n\t<meta name=\"twitter:data1\" content=\"2 minutes\" \/>\n<script type=\"application\/ld+json\" class=\"yoast-schema-graph\">{\"@context\":\"https:\/\/schema.org\",\"@graph\":[{\"@type\":\"WebPage\",\"@id\":\"https:\/\/cbie.ca\/fr\/who-we-are\/partenariats\/missions-de-collaboration\/informations-generales-sur-la-mission\/\",\"url\":\"https:\/\/cbie.ca\/fr\/who-we-are\/partenariats\/missions-de-collaboration\/informations-generales-sur-la-mission\/\",\"name\":\"Informations g\u00e9n\u00e9rales sur la mission - CBIE\",\"isPartOf\":{\"@id\":\"https:\/\/cbie.ca\/#website\"},\"datePublished\":\"2023-06-06T13:52:27+00:00\",\"dateModified\":\"2023-06-06T22:32:47+00:00\",\"breadcrumb\":{\"@id\":\"https:\/\/cbie.ca\/fr\/who-we-are\/partenariats\/missions-de-collaboration\/informations-generales-sur-la-mission\/#breadcrumb\"},\"inLanguage\":\"fr-FR\",\"potentialAction\":[{\"@type\":\"ReadAction\",\"target\":[\"https:\/\/cbie.ca\/fr\/who-we-are\/partenariats\/missions-de-collaboration\/informations-generales-sur-la-mission\/\"]}]},{\"@type\":\"BreadcrumbList\",\"@id\":\"https:\/\/cbie.ca\/fr\/who-we-are\/partenariats\/missions-de-collaboration\/informations-generales-sur-la-mission\/#breadcrumb\",\"itemListElement\":[{\"@type\":\"ListItem\",\"position\":1,\"name\":\"Home\",\"item\":\"https:\/\/cbie.ca\/fr\/\"},{\"@type\":\"ListItem\",\"position\":2,\"name\":\"Qui sommes-nous?\",\"item\":\"https:\/\/cbie.ca\/fr\/who-we-are\/\"},{\"@type\":\"ListItem\",\"position\":3,\"name\":\"D\u00e9veloppement et partenariats\",\"item\":\"https:\/\/cbie.ca\/fr\/who-we-are\/partenariats\/\"},{\"@type\":\"ListItem\",\"position\":4,\"name\":\"S\u00e9rie de missions de collaboration internationale\",\"item\":\"https:\/\/cbie.ca\/fr\/who-we-are\/partenariats\/missions-de-collaboration\/\"},{\"@type\":\"ListItem\",\"position\":5,\"name\":\"Informations g\u00e9n\u00e9rales sur la mission\"}]},{\"@type\":\"WebSite\",\"@id\":\"https:\/\/cbie.ca\/#website\",\"url\":\"https:\/\/cbie.ca\/\",\"name\":\"Canadian Bureau for International Education\",\"description\":\"\",\"potentialAction\":[{\"@type\":\"SearchAction\",\"target\":{\"@type\":\"EntryPoint\",\"urlTemplate\":\"https:\/\/cbie.ca\/?s={search_term_string}\"},\"query-input\":{\"@type\":\"PropertyValueSpecification\",\"valueRequired\":true,\"valueName\":\"search_term_string\"}}],\"inLanguage\":\"fr-FR\"}]}<\/script>\n<!-- \/ Yoast SEO plugin. -->","yoast_head_json":{"title":"Informations g\u00e9n\u00e9rales sur la mission - CBIE","robots":{"index":"index","follow":"follow","max-snippet":"max-snippet:-1","max-image-preview":"max-image-preview:large","max-video-preview":"max-video-preview:-1"},"canonical":"https:\/\/cbie.ca\/fr\/who-we-are\/partenariats\/missions-de-collaboration\/informations-generales-sur-la-mission\/","og_locale":"fr_FR","og_type":"article","og_title":"Informations g\u00e9n\u00e9rales sur la mission - CBIE","og_description":"[vc_row bg_image=\u00a0\u00bb100609&Prime; parallax_bg=\u00a0\u00bbtrue\u00a0\u00bb bg_color=\u00a0\u00bb#01426a\u00a0\u00bb text_color=\u00a0\u00bblight\u00a0\u00bb text_align=\u00a0\u00bbcenter\u00a0\u00bb top_padding=\u00a0\u00bb40&Prime; bottom_padding=\u00a0\u00bb40&Prime; row_id=\u00a0\u00bbhero-banner\u00a0\u00bb][vc_column column_padding=\u00a0\u00bbcustom-padding\u00a0\u00bb column_custompadding=\u00a0\u00bb12% 0px\u00a0\u00bb text_color=\u00a0\u00bblight\u00a0\u00bb text_align=\u00a0\u00bbcenter\u00a0\u00bb width=\u00a0\u00bb1\/6&Prime;][\/vc_column][vc_column column_padding=\u00a0\u00bbcustom-padding\u00a0\u00bb column_custompadding=\u00a0\u00bb15% 0px\u00a0\u00bb width=\u00a0\u00bb2\/3&Prime;][vc_column_text] Missions de collaboration internationale [\/vc_column_text][vc_empty_space height=\u00a0\u00bb30px\u00a0\u00bb][vc_column_text] Informations g\u00e9n\u00e9rales sur la mission [&hellip;]","og_url":"https:\/\/cbie.ca\/fr\/who-we-are\/partenariats\/missions-de-collaboration\/informations-generales-sur-la-mission\/","og_site_name":"CBIE","article_modified_time":"2023-06-06T22:32:47+00:00","og_image":[{"width":1600,"height":900,"url":"https:\/\/cbie.ca\/wp-content\/uploads\/2024\/01\/CBIE-Announcement-EN.png","type":"image\/png"}],"twitter_card":"summary_large_image","twitter_misc":{"Dur\u00e9e de lecture estim\u00e9e":"2 minutes"},"schema":{"@context":"https:\/\/schema.org","@graph":[{"@type":"WebPage","@id":"https:\/\/cbie.ca\/fr\/who-we-are\/partenariats\/missions-de-collaboration\/informations-generales-sur-la-mission\/","url":"https:\/\/cbie.ca\/fr\/who-we-are\/partenariats\/missions-de-collaboration\/informations-generales-sur-la-mission\/","name":"Informations g\u00e9n\u00e9rales sur la mission - CBIE","isPartOf":{"@id":"https:\/\/cbie.ca\/#website"},"datePublished":"2023-06-06T13:52:27+00:00","dateModified":"2023-06-06T22:32:47+00:00","breadcrumb":{"@id":"https:\/\/cbie.ca\/fr\/who-we-are\/partenariats\/missions-de-collaboration\/informations-generales-sur-la-mission\/#breadcrumb"},"inLanguage":"fr-FR","potentialAction":[{"@type":"ReadAction","target":["https:\/\/cbie.ca\/fr\/who-we-are\/partenariats\/missions-de-collaboration\/informations-generales-sur-la-mission\/"]}]},{"@type":"BreadcrumbList","@id":"https:\/\/cbie.ca\/fr\/who-we-are\/partenariats\/missions-de-collaboration\/informations-generales-sur-la-mission\/#breadcrumb","itemListElement":[{"@type":"ListItem","position":1,"name":"Home","item":"https:\/\/cbie.ca\/fr\/"},{"@type":"ListItem","position":2,"name":"Qui sommes-nous?","item":"https:\/\/cbie.ca\/fr\/who-we-are\/"},{"@type":"ListItem","position":3,"name":"D\u00e9veloppement et partenariats","item":"https:\/\/cbie.ca\/fr\/who-we-are\/partenariats\/"},{"@type":"ListItem","position":4,"name":"S\u00e9rie de missions de collaboration internationale","item":"https:\/\/cbie.ca\/fr\/who-we-are\/partenariats\/missions-de-collaboration\/"},{"@type":"ListItem","position":5,"name":"Informations g\u00e9n\u00e9rales sur la mission"}]},{"@type":"WebSite","@id":"https:\/\/cbie.ca\/#website","url":"https:\/\/cbie.ca\/","name":"Canadian Bureau for International Education","description":"","potentialAction":[{"@type":"SearchAction","target":{"@type":"EntryPoint","urlTemplate":"https:\/\/cbie.ca\/?s={search_term_string}"},"query-input":{"@type":"PropertyValueSpecification","valueRequired":true,"valueName":"search_term_string"}}],"inLanguage":"fr-FR"}]}},"_links":{"self":[{"href":"https:\/\/cbie.ca\/fr\/wp-json\/wp\/v2\/pages\/100886","targetHints":{"allow":["GET"]}}],"collection":[{"href":"https:\/\/cbie.ca\/fr\/wp-json\/wp\/v2\/pages"}],"about":[{"href":"https:\/\/cbie.ca\/fr\/wp-json\/wp\/v2\/types\/page"}],"author":[{"embeddable":true,"href":"https:\/\/cbie.ca\/fr\/wp-json\/wp\/v2\/users\/2"}],"replies":[{"embeddable":true,"href":"https:\/\/cbie.ca\/fr\/wp-json\/wp\/v2\/comments?post=100886"}],"version-history":[{"count":0,"href":"https:\/\/cbie.ca\/fr\/wp-json\/wp\/v2\/pages\/100886\/revisions"}],"up":[{"embeddable":true,"href":"https:\/\/cbie.ca\/fr\/wp-json\/wp\/v2\/pages\/100558"}],"wp:attachment":[{"href":"https:\/\/cbie.ca\/fr\/wp-json\/wp\/v2\/media?parent=100886"}],"curies":[{"name":"wp","href":"https:\/\/api.w.org\/{rel}","templated":true}]}}