{"id":100875,"date":"2023-06-06T09:54:09","date_gmt":"2023-06-06T13:54:09","guid":{"rendered":"https:\/\/cbieca.wpenginepowered.com\/notre-travail\/visites-internationales\/serie-de-missions-de-collaboration-internationale-new\/institutional-benefits\/"},"modified":"2023-06-06T16:01:20","modified_gmt":"2023-06-06T20:01:20","slug":"avantages-institutionnels","status":"publish","type":"page","link":"https:\/\/cbie.ca\/fr\/who-we-are\/partenariats\/missions-de-collaboration\/avantages-institutionnels\/","title":{"rendered":"Avantages institutionnels"},"content":{"rendered":"<div class=\"wpb-content-wrapper\"><p>[vc_row bg_image=\u00a0\u00bb100609&Prime; parallax_bg=\u00a0\u00bbtrue\u00a0\u00bb bg_color=\u00a0\u00bb#01426a\u00a0\u00bb text_color=\u00a0\u00bblight\u00a0\u00bb text_align=\u00a0\u00bbcenter\u00a0\u00bb top_padding=\u00a0\u00bb40&Prime; bottom_padding=\u00a0\u00bb40&Prime; row_id=\u00a0\u00bbhero-banner\u00a0\u00bb][vc_column column_padding=\u00a0\u00bbcustom-padding\u00a0\u00bb column_custompadding=\u00a0\u00bb12% 0px\u00a0\u00bb text_color=\u00a0\u00bblight\u00a0\u00bb text_align=\u00a0\u00bbcenter\u00a0\u00bb width=\u00a0\u00bb1\/6&Prime;][\/vc_column][vc_column column_padding=\u00a0\u00bbcustom-padding\u00a0\u00bb column_custompadding=\u00a0\u00bb15% 0px\u00a0\u00bb width=\u00a0\u00bb2\/3&Prime;][vc_column_text]<\/p>\n<h4>Missions de collaboration internationale<\/h4>\n<p>[\/vc_column_text][vc_empty_space height=\u00a0\u00bb30px\u00a0\u00bb][vc_column_text]<\/p>\n<h1>Avantages institutionnels<\/h1>\n<p>[\/vc_column_text][\/vc_column][vc_column width=\u00a0\u00bb1\/6&Prime;][\/vc_column][\/vc_row][vc_row top_padding=\u00a0\u00bb70&Prime; bottom_padding=\u00a0\u00bb100&Prime;][vc_column width=\u00a0\u00bb1\/6&Prime;][\/vc_column][vc_column width=\u00a0\u00bb2\/3&Prime;][vc_column_text]<\/p>\n<h6>Expertise<\/h6>\n<p>Acqu\u00e9rez une compr\u00e9hension approfondie du contexte et du march\u00e9 de l\u2019\u00e9ducation gr\u00e2ce \u00e0 diff\u00e9rentes perspectives, y compris celle du gouvernement, du monde universitaire, des entreprises, des organisations non gouvernementales internationales et locales, et des institutions financi\u00e8res internationales.<br \/>\n[\/vc_column_text]<div class=\"spacer\" style=\"height: 60px;\"><\/div>[vc_column_text]<\/p>\n<h6>Opportunit\u00e9<\/h6>\n<p>B\u00e9n\u00e9ficiez d\u2019occasions uniques de d\u00e9velopper et d\u2019entretenir des initiatives et partenariats nouveaux et existants, et obtenez des connaissances sur les possibilit\u00e9s de financement qui soutiennent ce genre d\u2019activit\u00e9s.<br \/>\n[\/vc_column_text]<div class=\"spacer\" style=\"height: 60px;\"><\/div>[vc_column_text]<\/p>\n<h6>Rencontre avec les Pairs<\/h6>\n<p>Profitez d\u2019un contexte unique pour entrer en contact avec des pairs de partout au Canada qui ont des id\u00e9es similaires, partagez des exp\u00e9riences professionnelles ainsi que de bonnes pratiques, et restez en contact apr\u00e8s la mission.<br \/>\n[\/vc_column_text]<div class=\"spacer\" style=\"height: 60px;\"><\/div>[vc_column_text]<\/p>\n<h6>Profil<\/h6>\n<p>Participez activement \u00e0 l\u2019\u00ab \u00c9quipe Canada \u00bb et \u00e0 son initiative \u00e9ducative pancanadienne qui mettra en \u00e9vidence l\u2019importance strat\u00e9gique de la relation bilat\u00e9rale dans le domaine de l\u2019\u00e9ducation.<br \/>\n[\/vc_column_text]<div class=\"spacer\" style=\"height: 60px;\"><\/div>[vc_column_text]<\/p>\n<h6>Une internationalisation plus forte<\/h6>\n<p>Tirez parti des exp\u00e9riences uniques et des enseignements acquis tout au long de la mission pour contribuer de fa\u00e7on significative \u00e0 l\u2019\u00e9laboration et \u00e0 la mise en \u0153uvre de strat\u00e9gies d\u2019internationalisation institutionnelles.[\/vc_column_text][\/vc_column][vc_column width=\u00a0\u00bb1\/6&Prime;][\/vc_column][\/vc_row]<\/p>\n<\/div>","protected":false},"excerpt":{"rendered":"<p>[vc_row bg_image=\u00a0\u00bb100609&Prime; parallax_bg=\u00a0\u00bbtrue\u00a0\u00bb bg_color=\u00a0\u00bb#01426a\u00a0\u00bb text_color=\u00a0\u00bblight\u00a0\u00bb text_align=\u00a0\u00bbcenter\u00a0\u00bb top_padding=\u00a0\u00bb40&Prime; bottom_padding=\u00a0\u00bb40&Prime; row_id=\u00a0\u00bbhero-banner\u00a0\u00bb][vc_column column_padding=\u00a0\u00bbcustom-padding\u00a0\u00bb column_custompadding=\u00a0\u00bb12% 0px\u00a0\u00bb text_color=\u00a0\u00bblight\u00a0\u00bb text_align=\u00a0\u00bbcenter\u00a0\u00bb width=\u00a0\u00bb1\/6&Prime;][\/vc_column][vc_column column_padding=\u00a0\u00bbcustom-padding\u00a0\u00bb column_custompadding=\u00a0\u00bb15% 0px\u00a0\u00bb width=\u00a0\u00bb2\/3&Prime;][vc_column_text] Missions de collaboration internationale [\/vc_column_text][vc_empty_space height=\u00a0\u00bb30px\u00a0\u00bb][vc_column_text] Avantages institutionnels [\/vc_column_text][\/vc_column][vc_column width=\u00a0\u00bb1\/6&Prime;][\/vc_column][\/vc_row][vc_row top_padding=\u00a0\u00bb70&Prime; [&hellip;]<\/p>\n","protected":false},"author":2,"featured_media":0,"parent":100558,"menu_order":0,"comment_status":"closed","ping_status":"closed","template":"","meta":{"_acf_changed":false,"footnotes":""},"class_list":["post-100875","page","type-page","status-publish","hentry"],"acf":[],"yoast_head":"<!-- This site is optimized with the Yoast SEO plugin v27.5 - https:\/\/yoast.com\/product\/yoast-seo-wordpress\/ -->\n<title>Avantages institutionnels - CBIE<\/title>\n<meta name=\"robots\" content=\"index, follow, max-snippet:-1, max-image-preview:large, max-video-preview:-1\" \/>\n<link rel=\"canonical\" href=\"https:\/\/cbie.ca\/fr\/who-we-are\/partenariats\/missions-de-collaboration\/avantages-institutionnels\/\" \/>\n<meta property=\"og:locale\" content=\"fr_FR\" \/>\n<meta property=\"og:type\" content=\"article\" \/>\n<meta property=\"og:title\" content=\"Avantages institutionnels - CBIE\" \/>\n<meta property=\"og:description\" content=\"[vc_row bg_image=\u00a0\u00bb100609&Prime; parallax_bg=\u00a0\u00bbtrue\u00a0\u00bb bg_color=\u00a0\u00bb#01426a\u00a0\u00bb text_color=\u00a0\u00bblight\u00a0\u00bb text_align=\u00a0\u00bbcenter\u00a0\u00bb top_padding=\u00a0\u00bb40&Prime; bottom_padding=\u00a0\u00bb40&Prime; row_id=\u00a0\u00bbhero-banner\u00a0\u00bb][vc_column column_padding=\u00a0\u00bbcustom-padding\u00a0\u00bb column_custompadding=\u00a0\u00bb12% 0px\u00a0\u00bb text_color=\u00a0\u00bblight\u00a0\u00bb text_align=\u00a0\u00bbcenter\u00a0\u00bb width=\u00a0\u00bb1\/6&Prime;][\/vc_column][vc_column column_padding=\u00a0\u00bbcustom-padding\u00a0\u00bb column_custompadding=\u00a0\u00bb15% 0px\u00a0\u00bb width=\u00a0\u00bb2\/3&Prime;][vc_column_text] Missions de collaboration internationale [\/vc_column_text][vc_empty_space height=\u00a0\u00bb30px\u00a0\u00bb][vc_column_text] Avantages institutionnels [\/vc_column_text][\/vc_column][vc_column width=\u00a0\u00bb1\/6&Prime;][\/vc_column][\/vc_row][vc_row top_padding=\u00a0\u00bb70&Prime; [&hellip;]\" \/>\n<meta property=\"og:url\" content=\"https:\/\/cbie.ca\/fr\/who-we-are\/partenariats\/missions-de-collaboration\/avantages-institutionnels\/\" \/>\n<meta property=\"og:site_name\" content=\"CBIE\" \/>\n<meta property=\"article:modified_time\" content=\"2023-06-06T20:01:20+00:00\" \/>\n<meta property=\"og:image\" content=\"https:\/\/cbie.ca\/wp-content\/uploads\/2024\/01\/CBIE-Announcement-EN.png\" \/>\n\t<meta property=\"og:image:width\" content=\"1600\" \/>\n\t<meta property=\"og:image:height\" content=\"900\" \/>\n\t<meta property=\"og:image:type\" content=\"image\/png\" \/>\n<meta name=\"twitter:card\" content=\"summary_large_image\" \/>\n<meta name=\"twitter:label1\" content=\"Dur\u00e9e de lecture estim\u00e9e\" \/>\n\t<meta name=\"twitter:data1\" content=\"1 minute\" \/>\n<script type=\"application\/ld+json\" class=\"yoast-schema-graph\">{\"@context\":\"https:\\\/\\\/schema.org\",\"@graph\":[{\"@type\":\"WebPage\",\"@id\":\"https:\\\/\\\/cbie.ca\\\/fr\\\/who-we-are\\\/partenariats\\\/missions-de-collaboration\\\/avantages-institutionnels\\\/\",\"url\":\"https:\\\/\\\/cbie.ca\\\/fr\\\/who-we-are\\\/partenariats\\\/missions-de-collaboration\\\/avantages-institutionnels\\\/\",\"name\":\"Avantages institutionnels - CBIE\",\"isPartOf\":{\"@id\":\"https:\\\/\\\/cbie.ca\\\/#website\"},\"datePublished\":\"2023-06-06T13:54:09+00:00\",\"dateModified\":\"2023-06-06T20:01:20+00:00\",\"breadcrumb\":{\"@id\":\"https:\\\/\\\/cbie.ca\\\/fr\\\/who-we-are\\\/partenariats\\\/missions-de-collaboration\\\/avantages-institutionnels\\\/#breadcrumb\"},\"inLanguage\":\"fr-FR\",\"potentialAction\":[{\"@type\":\"ReadAction\",\"target\":[\"https:\\\/\\\/cbie.ca\\\/fr\\\/who-we-are\\\/partenariats\\\/missions-de-collaboration\\\/avantages-institutionnels\\\/\"]}]},{\"@type\":\"BreadcrumbList\",\"@id\":\"https:\\\/\\\/cbie.ca\\\/fr\\\/who-we-are\\\/partenariats\\\/missions-de-collaboration\\\/avantages-institutionnels\\\/#breadcrumb\",\"itemListElement\":[{\"@type\":\"ListItem\",\"position\":1,\"name\":\"Home\",\"item\":\"https:\\\/\\\/cbie.ca\\\/fr\\\/\"},{\"@type\":\"ListItem\",\"position\":2,\"name\":\"Qui sommes-nous?\",\"item\":\"https:\\\/\\\/cbie.ca\\\/fr\\\/who-we-are\\\/\"},{\"@type\":\"ListItem\",\"position\":3,\"name\":\"D\u00e9veloppement et partenariats\",\"item\":\"https:\\\/\\\/cbie.ca\\\/fr\\\/who-we-are\\\/partenariats\\\/\"},{\"@type\":\"ListItem\",\"position\":4,\"name\":\"S\u00e9rie de missions de collaboration internationale\",\"item\":\"https:\\\/\\\/cbie.ca\\\/fr\\\/who-we-are\\\/partenariats\\\/missions-de-collaboration\\\/\"},{\"@type\":\"ListItem\",\"position\":5,\"name\":\"Avantages institutionnels\"}]},{\"@type\":\"WebSite\",\"@id\":\"https:\\\/\\\/cbie.ca\\\/#website\",\"url\":\"https:\\\/\\\/cbie.ca\\\/\",\"name\":\"Canadian Bureau for International Education\",\"description\":\"\",\"potentialAction\":[{\"@type\":\"SearchAction\",\"target\":{\"@type\":\"EntryPoint\",\"urlTemplate\":\"https:\\\/\\\/cbie.ca\\\/?s={search_term_string}\"},\"query-input\":{\"@type\":\"PropertyValueSpecification\",\"valueRequired\":true,\"valueName\":\"search_term_string\"}}],\"inLanguage\":\"fr-FR\"}]}<\/script>\n<!-- \/ Yoast SEO plugin. -->","yoast_head_json":{"title":"Avantages institutionnels - CBIE","robots":{"index":"index","follow":"follow","max-snippet":"max-snippet:-1","max-image-preview":"max-image-preview:large","max-video-preview":"max-video-preview:-1"},"canonical":"https:\/\/cbie.ca\/fr\/who-we-are\/partenariats\/missions-de-collaboration\/avantages-institutionnels\/","og_locale":"fr_FR","og_type":"article","og_title":"Avantages institutionnels - CBIE","og_description":"[vc_row bg_image=\u00a0\u00bb100609&Prime; parallax_bg=\u00a0\u00bbtrue\u00a0\u00bb bg_color=\u00a0\u00bb#01426a\u00a0\u00bb text_color=\u00a0\u00bblight\u00a0\u00bb text_align=\u00a0\u00bbcenter\u00a0\u00bb top_padding=\u00a0\u00bb40&Prime; bottom_padding=\u00a0\u00bb40&Prime; row_id=\u00a0\u00bbhero-banner\u00a0\u00bb][vc_column column_padding=\u00a0\u00bbcustom-padding\u00a0\u00bb column_custompadding=\u00a0\u00bb12% 0px\u00a0\u00bb text_color=\u00a0\u00bblight\u00a0\u00bb text_align=\u00a0\u00bbcenter\u00a0\u00bb width=\u00a0\u00bb1\/6&Prime;][\/vc_column][vc_column column_padding=\u00a0\u00bbcustom-padding\u00a0\u00bb column_custompadding=\u00a0\u00bb15% 0px\u00a0\u00bb width=\u00a0\u00bb2\/3&Prime;][vc_column_text] Missions de collaboration internationale [\/vc_column_text][vc_empty_space height=\u00a0\u00bb30px\u00a0\u00bb][vc_column_text] Avantages institutionnels [\/vc_column_text][\/vc_column][vc_column width=\u00a0\u00bb1\/6&Prime;][\/vc_column][\/vc_row][vc_row top_padding=\u00a0\u00bb70&Prime; [&hellip;]","og_url":"https:\/\/cbie.ca\/fr\/who-we-are\/partenariats\/missions-de-collaboration\/avantages-institutionnels\/","og_site_name":"CBIE","article_modified_time":"2023-06-06T20:01:20+00:00","og_image":[{"width":1600,"height":900,"url":"https:\/\/cbie.ca\/wp-content\/uploads\/2024\/01\/CBIE-Announcement-EN.png","type":"image\/png"}],"twitter_card":"summary_large_image","twitter_misc":{"Dur\u00e9e de lecture estim\u00e9e":"1 minute"},"schema":{"@context":"https:\/\/schema.org","@graph":[{"@type":"WebPage","@id":"https:\/\/cbie.ca\/fr\/who-we-are\/partenariats\/missions-de-collaboration\/avantages-institutionnels\/","url":"https:\/\/cbie.ca\/fr\/who-we-are\/partenariats\/missions-de-collaboration\/avantages-institutionnels\/","name":"Avantages institutionnels - CBIE","isPartOf":{"@id":"https:\/\/cbie.ca\/#website"},"datePublished":"2023-06-06T13:54:09+00:00","dateModified":"2023-06-06T20:01:20+00:00","breadcrumb":{"@id":"https:\/\/cbie.ca\/fr\/who-we-are\/partenariats\/missions-de-collaboration\/avantages-institutionnels\/#breadcrumb"},"inLanguage":"fr-FR","potentialAction":[{"@type":"ReadAction","target":["https:\/\/cbie.ca\/fr\/who-we-are\/partenariats\/missions-de-collaboration\/avantages-institutionnels\/"]}]},{"@type":"BreadcrumbList","@id":"https:\/\/cbie.ca\/fr\/who-we-are\/partenariats\/missions-de-collaboration\/avantages-institutionnels\/#breadcrumb","itemListElement":[{"@type":"ListItem","position":1,"name":"Home","item":"https:\/\/cbie.ca\/fr\/"},{"@type":"ListItem","position":2,"name":"Qui sommes-nous?","item":"https:\/\/cbie.ca\/fr\/who-we-are\/"},{"@type":"ListItem","position":3,"name":"D\u00e9veloppement et partenariats","item":"https:\/\/cbie.ca\/fr\/who-we-are\/partenariats\/"},{"@type":"ListItem","position":4,"name":"S\u00e9rie de missions de collaboration internationale","item":"https:\/\/cbie.ca\/fr\/who-we-are\/partenariats\/missions-de-collaboration\/"},{"@type":"ListItem","position":5,"name":"Avantages institutionnels"}]},{"@type":"WebSite","@id":"https:\/\/cbie.ca\/#website","url":"https:\/\/cbie.ca\/","name":"Canadian Bureau for International Education","description":"","potentialAction":[{"@type":"SearchAction","target":{"@type":"EntryPoint","urlTemplate":"https:\/\/cbie.ca\/?s={search_term_string}"},"query-input":{"@type":"PropertyValueSpecification","valueRequired":true,"valueName":"search_term_string"}}],"inLanguage":"fr-FR"}]}},"_links":{"self":[{"href":"https:\/\/cbie.ca\/fr\/wp-json\/wp\/v2\/pages\/100875","targetHints":{"allow":["GET"]}}],"collection":[{"href":"https:\/\/cbie.ca\/fr\/wp-json\/wp\/v2\/pages"}],"about":[{"href":"https:\/\/cbie.ca\/fr\/wp-json\/wp\/v2\/types\/page"}],"author":[{"embeddable":true,"href":"https:\/\/cbie.ca\/fr\/wp-json\/wp\/v2\/users\/2"}],"replies":[{"embeddable":true,"href":"https:\/\/cbie.ca\/fr\/wp-json\/wp\/v2\/comments?post=100875"}],"version-history":[{"count":0,"href":"https:\/\/cbie.ca\/fr\/wp-json\/wp\/v2\/pages\/100875\/revisions"}],"up":[{"embeddable":true,"href":"https:\/\/cbie.ca\/fr\/wp-json\/wp\/v2\/pages\/100558"}],"wp:attachment":[{"href":"https:\/\/cbie.ca\/fr\/wp-json\/wp\/v2\/media?parent=100875"}],"curies":[{"name":"wp","href":"https:\/\/api.w.org\/{rel}","templated":true}]}}