{"id":100871,"date":"2023-06-06T09:51:29","date_gmt":"2023-06-06T13:51:29","guid":{"rendered":"https:\/\/cbieca.wpenginepowered.com\/notre-travail\/visites-internationales\/collaboration-missions-new\/our-experience\/"},"modified":"2025-07-10T10:23:38","modified_gmt":"2025-07-10T14:23:38","slug":"notre-experience","status":"publish","type":"page","link":"https:\/\/cbie.ca\/fr\/who-we-are\/partenariats\/missions-de-collaboration\/notre-experience\/","title":{"rendered":"Notre exp\u00e9rience"},"content":{"rendered":"<div class=\"wpb-content-wrapper\"><p>[vc_row bg_image=\u00a0\u00bb100609&Prime; parallax_bg=\u00a0\u00bbtrue\u00a0\u00bb bg_color=\u00a0\u00bb#01426a\u00a0\u00bb text_color=\u00a0\u00bblight\u00a0\u00bb text_align=\u00a0\u00bbcenter\u00a0\u00bb top_padding=\u00a0\u00bb40&Prime; bottom_padding=\u00a0\u00bb40&Prime; row_id=\u00a0\u00bbhero-banner\u00a0\u00bb][vc_column column_padding=\u00a0\u00bbcustom-padding\u00a0\u00bb column_custompadding=\u00a0\u00bb12% 0px\u00a0\u00bb text_color=\u00a0\u00bblight\u00a0\u00bb text_align=\u00a0\u00bbcenter\u00a0\u00bb width=\u00a0\u00bb1\/6&Prime;][\/vc_column][vc_column column_padding=\u00a0\u00bbcustom-padding\u00a0\u00bb column_custompadding=\u00a0\u00bb15% 0px\u00a0\u00bb width=\u00a0\u00bb2\/3&Prime;][vc_column_text]<\/p>\n<h4>Missions de collaboration internationale<\/h4>\n<p>[\/vc_column_text][vc_empty_space height=\u00a0\u00bb30px\u00a0\u00bb][vc_column_text]<\/p>\n<h1>Notre exp\u00e9rience<\/h1>\n<p>[\/vc_column_text][\/vc_column][vc_column width=\u00a0\u00bb1\/6&Prime;][\/vc_column][\/vc_row][vc_row text_align=\u00a0\u00bbcenter\u00a0\u00bb top_padding=\u00a0\u00bb70&Prime; bottom_padding=\u00a0\u00bb70&Prime;][vc_column width=\u00a0\u00bb1\/1&Prime;][vc_column_text]<\/p>\n<h4>Nos missions de collaboration \u00e0 ce jour<\/h4>\n<p>[\/vc_column_text][\/vc_column][\/vc_row][vc_row text_align=\u00a0\u00bbcenter\u00a0\u00bb class=\u00a0\u00bbthree-col-section\u00a0\u00bb][vc_column bg_color=\u00a0\u00bb#f4f4f4&Prime; column_padding=\u00a0\u00bbpadding-4&Prime; width=\u00a0\u00bb1\/3&Prime;]<div class=\"single_image wpb_content_element align-center    \" data-animation=\"none\" data-delay=\"0\"><img loading=\"lazy\" decoding=\"async\" width=\"120\" height=\"80\" src=\"https:\/\/cbie.ca\/wp-content\/uploads\/2025\/07\/Flag_of_South_Africa-120.png\" class=\"attachment-medium\" alt=\"Flag of South Africa\" title=\"Flag_of_South_Africa-120\" \/><\/div><div class=\"spacer\" style=\"height: 40px;\"><\/div>[vc_column_text]<\/p>\n<h5>2025 : Afrique du Sud<\/h5>\n<p>en collaboration avec la International Education Association of South Africa (IEASA) et le Service des d\u00e9l\u00e9gu\u00e9s commerciaux \u00e0 Johannesburg[\/vc_column_text]<div class=\"spacer\" style=\"height: 40px;\"><\/div><a href=\"https:\/\/cbie.ca\/wp-content\/uploads\/2025\/07\/Cda_Afrique_du_Sud_Mission_2025_Rapport_Sommaire.pdf\" target=\"_blank\" class=\"button color-3 medium \" style=\"border-radius: 2px;\">VOIR LE RAPPORT<\/a>[\/vc_column][vc_column bg_color=\u00a0\u00bb#f4f4f4&Prime; column_padding=\u00a0\u00bbpadding-4&Prime; width=\u00a0\u00bb1\/3&Prime;]<div class=\"single_image wpb_content_element align-center    \" data-animation=\"none\" data-delay=\"0\"><img loading=\"lazy\" decoding=\"async\" width=\"120\" height=\"70\" src=\"https:\/\/cbie.ca\/wp-content\/uploads\/2023\/06\/Vietnam-flag-120.png\" class=\"attachment-medium\" alt=\"\" title=\"Vietnam-flag-120\" \/><\/div><div class=\"spacer\" style=\"height: 40px;\"><\/div>[vc_column_text]<\/p>\n<h5>2023 : Vietnam<\/h5>\n<p>en collaboration avec le Service des d\u00e9l\u00e9gu\u00e9s commerciaux \u00e0 H\u00f4 Chi Minh-Ville[\/vc_column_text][\/vc_column][vc_column bg_color=\u00a0\u00bb#f4f4f4&Prime; column_padding=\u00a0\u00bbpadding-4&Prime; width=\u00a0\u00bb1\/3&Prime;]<div class=\"single_image wpb_content_element align-center    \" data-animation=\"none\" data-delay=\"0\"><img loading=\"lazy\" decoding=\"async\" width=\"120\" height=\"70\" src=\"https:\/\/cbie.ca\/wp-content\/uploads\/2023\/06\/UAE-120.png\" class=\"attachment-medium\" alt=\"\" title=\"UAE-120\" \/><\/div><div class=\"spacer\" style=\"height: 40px;\"><\/div>[vc_column_text]<\/p>\n<h5>2022 : EAU<\/h5>\n<p>en collaboration avec le Service des d\u00e9l\u00e9gu\u00e9s commerciaux \u00e0 Duba\u00ef[\/vc_column_text][\/vc_column][\/vc_row][vc_row text_align=\u00a0\u00bbcenter\u00a0\u00bb top_padding=\u00a0\u00bb40&Prime; class=\u00a0\u00bbthree-col-section\u00a0\u00bb][vc_column bg_color=\u00a0\u00bb#f4f4f4&Prime; column_padding=\u00a0\u00bbpadding-4&Prime; width=\u00a0\u00bb1\/3&Prime;][vc_row_inner][vc_column_inner width=\u00a0\u00bb1\/2&Prime;]<div class=\"single_image wpb_content_element align-center    \" data-animation=\"none\" data-delay=\"0\"><img loading=\"lazy\" decoding=\"async\" width=\"120\" height=\"70\" src=\"https:\/\/cbie.ca\/wp-content\/uploads\/2023\/06\/SPAIN-120.png\" class=\"attachment-medium\" alt=\"\" title=\"SPAIN-120\" \/><\/div>[\/vc_column_inner][vc_column_inner width=\u00a0\u00bb1\/2&Prime;]<div class=\"single_image wpb_content_element align-center    \" data-animation=\"none\" data-delay=\"0\"><img loading=\"lazy\" decoding=\"async\" width=\"120\" height=\"70\" src=\"https:\/\/cbie.ca\/wp-content\/uploads\/2023\/06\/TURKEY-120.png\" class=\"attachment-medium\" alt=\"\" title=\"TURKEY-120\" \/><\/div>[\/vc_column_inner][\/vc_row_inner]<div class=\"spacer\" style=\"height: 40px;\"><\/div>[vc_column_text]<\/p>\n<h5>2022 : Espagne et T\u00fcrkiye<\/h5>\n<p>en collaboration avec le Service des d\u00e9l\u00e9gu\u00e9s commerciaux en Espagne et en T\u00fcrkiye, le Service espagnol pour l\u2019internationalisation de l\u2019\u00e9ducation (SEPIE), la Association of Professional Training Centers (FPEmpresa) (Association des centres de formation professionnelle) et le Conseil turc des relations \u00e9conomiques internationales[\/vc_column_text][\/vc_column][vc_column bg_color=\u00a0\u00bb#f4f4f4&Prime; column_padding=\u00a0\u00bbpadding-4&Prime; width=\u00a0\u00bb1\/3&Prime;]<div class=\"single_image wpb_content_element align-center    \" data-animation=\"none\" data-delay=\"0\"><img loading=\"lazy\" decoding=\"async\" width=\"120\" height=\"70\" src=\"https:\/\/cbie.ca\/wp-content\/uploads\/2023\/06\/MOROCCO-120.png\" class=\"attachment-medium\" alt=\"\" title=\"MOROCCO-120\" \/><\/div><div class=\"spacer\" style=\"height: 40px;\"><\/div>[vc_column_text]<\/p>\n<h5>2022 : Maroc<br \/>\n(vers le Canada)<\/h5>\n<p>en collaboration avec le Service des d\u00e9l\u00e9gu\u00e9s commerciaux au Maroc[\/vc_column_text][\/vc_column][vc_column bg_color=\u00a0\u00bb#f4f4f4&Prime; column_padding=\u00a0\u00bbpadding-4&Prime; width=\u00a0\u00bb1\/3&Prime;]<div class=\"single_image wpb_content_element align-center    \" data-animation=\"none\" data-delay=\"0\"><img loading=\"lazy\" decoding=\"async\" width=\"120\" height=\"70\" src=\"https:\/\/cbie.ca\/wp-content\/uploads\/2023\/06\/COLOMBIA-120.png\" class=\"attachment-medium\" alt=\"\" title=\"COLOMBIA-120\" \/><\/div><div class=\"spacer\" style=\"height: 40px;\"><\/div>[vc_column_text]<\/p>\n<h5>2019 : Colombie<\/h5>\n<p>en partenariat avec l\u2019Organisation universitaire interam\u00e9ricaine (OUI-IOHE) et l\u2019Association colombienne des universit\u00e9s (ASCUN)[\/vc_column_text][\/vc_column][\/vc_row][vc_row text_align=\u00a0\u00bbcenter\u00a0\u00bb top_padding=\u00a0\u00bb40&Prime; class=\u00a0\u00bbthree-col-section\u00a0\u00bb][vc_column bg_color=\u00a0\u00bb#f4f4f4&Prime; column_padding=\u00a0\u00bbpadding-4&Prime; width=\u00a0\u00bb1\/3&Prime;]<div class=\"single_image wpb_content_element align-center    \" data-animation=\"none\" data-delay=\"0\"><img loading=\"lazy\" decoding=\"async\" width=\"120\" height=\"70\" src=\"https:\/\/cbie.ca\/wp-content\/uploads\/2023\/06\/PHILIPPINES-120.png\" class=\"attachment-medium\" alt=\"\" title=\"PHILIPPINES-120\" \/><\/div><div class=\"spacer\" style=\"height: 40px;\"><\/div>[vc_column_text]<\/p>\n<h5>2019 : Philippines<\/h5>\n<p>en collaboration avec la Commission de l\u2019enseignement sup\u00e9rieur (CHED) aux Philippines[\/vc_column_text]<div class=\"spacer\" style=\"height: 40px;\"><\/div><a href=\"https:\/\/cbie.ca\/wp-content\/uploads\/2019\/08\/CBIE-Collaboration-Mission-Report-Philippines-EN.pdf\" target=\"_blank\" class=\"button color-3 medium \" style=\"border-radius: 2px;\">VOIR LE RAPPORT<\/a>[\/vc_column][vc_column bg_color=\u00a0\u00bb#f4f4f4&Prime; column_padding=\u00a0\u00bbpadding-4&Prime; width=\u00a0\u00bb1\/3&Prime;]<div class=\"single_image wpb_content_element align-center    \" data-animation=\"none\" data-delay=\"0\"><img loading=\"lazy\" decoding=\"async\" width=\"120\" height=\"70\" src=\"https:\/\/cbie.ca\/wp-content\/uploads\/2023\/06\/CHILE-120.png\" class=\"attachment-medium\" alt=\"\" title=\"CHILE-120\" \/><\/div><div class=\"spacer\" style=\"height: 40px;\"><\/div>[vc_column_text]<\/p>\n<h5>2018 : Chili<\/h5>\n<p>en collaboration avec le Council of Rectors of Chilean Universities (CRUCh) (Conseil des recteurs des universit\u00e9s chiliennes), LearnChile et l\u2019Organisation universitaire interam\u00e9ricaine (OUI-IOHE)[\/vc_column_text]<div class=\"spacer\" style=\"height: 40px;\"><\/div><a href=\"https:\/\/cbie.ca\/wp-content\/uploads\/2019\/04\/Chile-Collaboration-Mission-Report_EN.pdf\" target=\"_blank\" class=\"button color-3 medium \" style=\"border-radius: 2px;\">VOIR LE RAPPORT<\/a>[\/vc_column][vc_column bg_color=\u00a0\u00bb#f4f4f4&Prime; column_padding=\u00a0\u00bbpadding-4&Prime; width=\u00a0\u00bb1\/3&Prime;]<div class=\"single_image wpb_content_element align-center    \" data-animation=\"none\" data-delay=\"0\"><img loading=\"lazy\" decoding=\"async\" width=\"120\" height=\"70\" src=\"https:\/\/cbie.ca\/wp-content\/uploads\/2023\/06\/NORWAY-120.png\" class=\"attachment-medium\" alt=\"\" title=\"NORWAY-120\" \/><\/div><div class=\"spacer\" style=\"height: 40px;\"><\/div>[vc_column_text]<\/p>\n<h5>2018 : Norv\u00e8ge<\/h5>\n<p>en collaboration avec le Centre de coop\u00e9ration internationale en \u00e9ducation norv\u00e9gienne[\/vc_column_text][\/vc_column][\/vc_row][vc_row text_align=\u00a0\u00bbcenter\u00a0\u00bb top_padding=\u00a0\u00bb40&Prime; class=\u00a0\u00bbthree-col-section\u00a0\u00bb][vc_column bg_color=\u00a0\u00bb#f4f4f4&Prime; column_padding=\u00a0\u00bbpadding-4&Prime; width=\u00a0\u00bb1\/3&Prime;]<div class=\"single_image wpb_content_element align-center    \" data-animation=\"none\" data-delay=\"0\"><img loading=\"lazy\" decoding=\"async\" width=\"120\" height=\"70\" src=\"https:\/\/cbie.ca\/wp-content\/uploads\/2023\/06\/MEXICO-120.png\" class=\"attachment-medium\" alt=\"\" title=\"MEXICO-120\" \/><\/div><div class=\"spacer\" style=\"height: 40px;\"><\/div>[vc_column_text]<\/p>\n<h5>2017 : Mexique<\/h5>\n<p>en collaboration avec le Consortium pour la collaboration dans l\u2019enseignement sup\u00e9rieur en Am\u00e9rique du Nord[\/vc_column_text][\/vc_column][vc_column bg_color=\u00a0\u00bb#f4f4f4&Prime; column_padding=\u00a0\u00bbpadding-4&Prime; width=\u00a0\u00bb1\/3&Prime;]<div class=\"single_image wpb_content_element align-center    \" data-animation=\"none\" data-delay=\"0\"><img loading=\"lazy\" decoding=\"async\" width=\"120\" height=\"70\" src=\"https:\/\/cbie.ca\/wp-content\/uploads\/2023\/06\/Vietnam-flag-120.png\" class=\"attachment-medium\" alt=\"\" title=\"Vietnam-flag-120\" \/><\/div><div class=\"spacer\" style=\"height: 40px;\"><\/div>[vc_column_text]<\/p>\n<h5>2016 : Vietnam<\/h5>\n<p>en collaboration avec l\u2019Association des universit\u00e9s et coll\u00e8ges vietnamiens[\/vc_column_text]<div class=\"spacer\" style=\"height: 40px;\"><\/div><a href=\"https:\/\/cbie.ca\/wp-content\/uploads\/2016\/05\/MarketReport.pdf\" target=\"_blank\" class=\"button color-3 medium \" style=\"border-radius: 2px;\">VOIR LE RAPPORT<\/a>[\/vc_column][vc_column bg_color=\u00a0\u00bb#f4f4f4&Prime; column_padding=\u00a0\u00bbpadding-4&Prime; width=\u00a0\u00bb1\/3&Prime;]<div class=\"single_image wpb_content_element align-center    \" data-animation=\"none\" data-delay=\"0\"><img loading=\"lazy\" decoding=\"async\" width=\"120\" height=\"70\" src=\"https:\/\/cbie.ca\/wp-content\/uploads\/2023\/06\/PHILIPPINES-120.png\" class=\"attachment-medium\" alt=\"\" title=\"PHILIPPINES-120\" \/><\/div><div class=\"spacer\" style=\"height: 40px;\"><\/div>[vc_column_text]<\/p>\n<h5>2016 : Philippines<\/h5>\n<p>en collaboration avec la Commission de l\u2019enseignement sup\u00e9rieur (CHED) aux Philippines[\/vc_column_text][\/vc_column][\/vc_row][vc_row text_align=\u00a0\u00bbcenter\u00a0\u00bb top_padding=\u00a0\u00bb40&Prime; class=\u00a0\u00bbthree-col-section\u00a0\u00bb][vc_column bg_color=\u00a0\u00bb#f4f4f4&Prime; column_padding=\u00a0\u00bbpadding-4&Prime; width=\u00a0\u00bb1\/3&Prime;]<div class=\"single_image wpb_content_element align-center    \" data-animation=\"none\" data-delay=\"0\"><img loading=\"lazy\" decoding=\"async\" width=\"120\" height=\"70\" src=\"https:\/\/cbie.ca\/wp-content\/uploads\/2023\/06\/BRAZIL-120.png\" class=\"attachment-medium\" alt=\"\" title=\"BRAZIL-120\" \/><\/div><div class=\"spacer\" style=\"height: 40px;\"><\/div>[vc_column_text]<\/p>\n<h5>2014 : Br\u00e9sil<\/h5>\n<p>en collaboration avec Universit\u00e9s Canada[\/vc_column_text][\/vc_column][vc_column bg_color=\u00a0\u00bb#f4f4f4&Prime; column_padding=\u00a0\u00bbpadding-4&Prime; width=\u00a0\u00bb1\/3&Prime;]<div class=\"single_image wpb_content_element align-center    \" data-animation=\"none\" data-delay=\"0\"><img loading=\"lazy\" decoding=\"async\" width=\"120\" height=\"70\" src=\"https:\/\/cbie.ca\/wp-content\/uploads\/2023\/06\/ALGERIA-120.png\" class=\"attachment-medium\" alt=\"\" title=\"ALGERIA-120\" \/><\/div><div class=\"spacer\" style=\"height: 40px;\"><\/div>[vc_column_text]<\/p>\n<h5>2014 : Alg\u00e9rie<\/h5>\n<p>en collaboration avec la Conf\u00e9rence nationale des universit\u00e9s alg\u00e9riennes[\/vc_column_text][\/vc_column][vc_column bg_color=\u00a0\u00bb#F4F4F4&Prime; column_padding=\u00a0\u00bbpadding-4&Prime; width=\u00a0\u00bb1\/3&Prime;]<div class=\"single_image wpb_content_element align-center    \" data-animation=\"none\" data-delay=\"0\"><img loading=\"lazy\" decoding=\"async\" width=\"120\" height=\"70\" src=\"https:\/\/cbie.ca\/wp-content\/uploads\/2023\/06\/UKRAINE-120.png\" class=\"attachment-medium\" alt=\"\" title=\"UKRAINE-120\" \/><\/div><div class=\"spacer\" style=\"height: 40px;\"><\/div>[vc_column_text]<\/p>\n<h5>2012 : Ukraine<\/h5>\n<p>en collaboration avec l\u2019Union des recteurs des universit\u00e9s en Ukraine[\/vc_column_text][\/vc_column][\/vc_row][vc_row text_align=\u00a0\u00bbcenter\u00a0\u00bb top_padding=\u00a0\u00bb60&Prime; bottom_padding=\u00a0\u00bb60&Prime;][vc_column width=\u00a0\u00bb1\/1&Prime;][vc_column_text]<\/p>\n<p style=\"font-size: 18px;\">Pour plus d\u2019informations, contactez-nous \u00e0 l\u2019adresse suivante :<br \/>\n<a href=\"mailto:Partnerships-Partenariats@cbie.ca\">Partnerships-Partenariats@cbie.ca<\/a><\/p>\n<p>[\/vc_column_text][\/vc_column][\/vc_row]<\/p>\n<\/div>","protected":false},"excerpt":{"rendered":"<p>[vc_row bg_image=\u00a0\u00bb100609&Prime; parallax_bg=\u00a0\u00bbtrue\u00a0\u00bb bg_color=\u00a0\u00bb#01426a\u00a0\u00bb text_color=\u00a0\u00bblight\u00a0\u00bb text_align=\u00a0\u00bbcenter\u00a0\u00bb top_padding=\u00a0\u00bb40&Prime; bottom_padding=\u00a0\u00bb40&Prime; row_id=\u00a0\u00bbhero-banner\u00a0\u00bb][vc_column column_padding=\u00a0\u00bbcustom-padding\u00a0\u00bb column_custompadding=\u00a0\u00bb12% 0px\u00a0\u00bb text_color=\u00a0\u00bblight\u00a0\u00bb text_align=\u00a0\u00bbcenter\u00a0\u00bb width=\u00a0\u00bb1\/6&Prime;][\/vc_column][vc_column column_padding=\u00a0\u00bbcustom-padding\u00a0\u00bb column_custompadding=\u00a0\u00bb15% 0px\u00a0\u00bb width=\u00a0\u00bb2\/3&Prime;][vc_column_text] Missions de collaboration internationale [\/vc_column_text][vc_empty_space height=\u00a0\u00bb30px\u00a0\u00bb][vc_column_text] Notre exp\u00e9rience [\/vc_column_text][\/vc_column][vc_column width=\u00a0\u00bb1\/6&Prime;][\/vc_column][\/vc_row][vc_row text_align=\u00a0\u00bbcenter\u00a0\u00bb [&hellip;]<\/p>\n","protected":false},"author":2,"featured_media":0,"parent":100558,"menu_order":0,"comment_status":"closed","ping_status":"closed","template":"","meta":{"_acf_changed":false,"footnotes":""},"class_list":["post-100871","page","type-page","status-publish","hentry"],"acf":[],"yoast_head":"<!-- This site is optimized with the Yoast SEO plugin v27.5 - https:\/\/yoast.com\/product\/yoast-seo-wordpress\/ -->\n<title>Notre exp\u00e9rience - CBIE<\/title>\n<meta name=\"robots\" content=\"index, follow, max-snippet:-1, max-image-preview:large, max-video-preview:-1\" \/>\n<link rel=\"canonical\" href=\"https:\/\/cbie.ca\/fr\/who-we-are\/partenariats\/missions-de-collaboration\/notre-experience\/\" \/>\n<meta property=\"og:locale\" content=\"fr_FR\" \/>\n<meta property=\"og:type\" content=\"article\" \/>\n<meta property=\"og:title\" content=\"Notre exp\u00e9rience - CBIE\" \/>\n<meta property=\"og:description\" content=\"[vc_row bg_image=\u00a0\u00bb100609&Prime; parallax_bg=\u00a0\u00bbtrue\u00a0\u00bb bg_color=\u00a0\u00bb#01426a\u00a0\u00bb text_color=\u00a0\u00bblight\u00a0\u00bb text_align=\u00a0\u00bbcenter\u00a0\u00bb top_padding=\u00a0\u00bb40&Prime; bottom_padding=\u00a0\u00bb40&Prime; row_id=\u00a0\u00bbhero-banner\u00a0\u00bb][vc_column column_padding=\u00a0\u00bbcustom-padding\u00a0\u00bb column_custompadding=\u00a0\u00bb12% 0px\u00a0\u00bb text_color=\u00a0\u00bblight\u00a0\u00bb text_align=\u00a0\u00bbcenter\u00a0\u00bb width=\u00a0\u00bb1\/6&Prime;][\/vc_column][vc_column column_padding=\u00a0\u00bbcustom-padding\u00a0\u00bb column_custompadding=\u00a0\u00bb15% 0px\u00a0\u00bb width=\u00a0\u00bb2\/3&Prime;][vc_column_text] Missions de collaboration internationale [\/vc_column_text][vc_empty_space height=\u00a0\u00bb30px\u00a0\u00bb][vc_column_text] Notre exp\u00e9rience [\/vc_column_text][\/vc_column][vc_column width=\u00a0\u00bb1\/6&Prime;][\/vc_column][\/vc_row][vc_row text_align=\u00a0\u00bbcenter\u00a0\u00bb [&hellip;]\" \/>\n<meta property=\"og:url\" content=\"https:\/\/cbie.ca\/fr\/who-we-are\/partenariats\/missions-de-collaboration\/notre-experience\/\" \/>\n<meta property=\"og:site_name\" content=\"CBIE\" \/>\n<meta property=\"article:modified_time\" content=\"2025-07-10T14:23:38+00:00\" \/>\n<meta property=\"og:image\" content=\"https:\/\/cbie.ca\/wp-content\/uploads\/2024\/01\/CBIE-Announcement-EN.png\" \/>\n\t<meta property=\"og:image:width\" content=\"1600\" \/>\n\t<meta property=\"og:image:height\" content=\"900\" \/>\n\t<meta property=\"og:image:type\" content=\"image\/png\" \/>\n<meta name=\"twitter:card\" content=\"summary_large_image\" \/>\n<meta name=\"twitter:label1\" content=\"Dur\u00e9e de lecture estim\u00e9e\" \/>\n\t<meta name=\"twitter:data1\" content=\"6 minutes\" \/>\n<script type=\"application\/ld+json\" class=\"yoast-schema-graph\">{\"@context\":\"https:\\\/\\\/schema.org\",\"@graph\":[{\"@type\":\"WebPage\",\"@id\":\"https:\\\/\\\/cbie.ca\\\/fr\\\/who-we-are\\\/partenariats\\\/missions-de-collaboration\\\/notre-experience\\\/\",\"url\":\"https:\\\/\\\/cbie.ca\\\/fr\\\/who-we-are\\\/partenariats\\\/missions-de-collaboration\\\/notre-experience\\\/\",\"name\":\"Notre exp\u00e9rience - CBIE\",\"isPartOf\":{\"@id\":\"https:\\\/\\\/cbie.ca\\\/#website\"},\"datePublished\":\"2023-06-06T13:51:29+00:00\",\"dateModified\":\"2025-07-10T14:23:38+00:00\",\"breadcrumb\":{\"@id\":\"https:\\\/\\\/cbie.ca\\\/fr\\\/who-we-are\\\/partenariats\\\/missions-de-collaboration\\\/notre-experience\\\/#breadcrumb\"},\"inLanguage\":\"fr-FR\",\"potentialAction\":[{\"@type\":\"ReadAction\",\"target\":[\"https:\\\/\\\/cbie.ca\\\/fr\\\/who-we-are\\\/partenariats\\\/missions-de-collaboration\\\/notre-experience\\\/\"]}]},{\"@type\":\"BreadcrumbList\",\"@id\":\"https:\\\/\\\/cbie.ca\\\/fr\\\/who-we-are\\\/partenariats\\\/missions-de-collaboration\\\/notre-experience\\\/#breadcrumb\",\"itemListElement\":[{\"@type\":\"ListItem\",\"position\":1,\"name\":\"Home\",\"item\":\"https:\\\/\\\/cbie.ca\\\/fr\\\/\"},{\"@type\":\"ListItem\",\"position\":2,\"name\":\"Qui sommes-nous?\",\"item\":\"https:\\\/\\\/cbie.ca\\\/fr\\\/who-we-are\\\/\"},{\"@type\":\"ListItem\",\"position\":3,\"name\":\"D\u00e9veloppement et partenariats\",\"item\":\"https:\\\/\\\/cbie.ca\\\/fr\\\/who-we-are\\\/partenariats\\\/\"},{\"@type\":\"ListItem\",\"position\":4,\"name\":\"S\u00e9rie de missions de collaboration internationale\",\"item\":\"https:\\\/\\\/cbie.ca\\\/fr\\\/who-we-are\\\/partenariats\\\/missions-de-collaboration\\\/\"},{\"@type\":\"ListItem\",\"position\":5,\"name\":\"Notre exp\u00e9rience\"}]},{\"@type\":\"WebSite\",\"@id\":\"https:\\\/\\\/cbie.ca\\\/#website\",\"url\":\"https:\\\/\\\/cbie.ca\\\/\",\"name\":\"Canadian Bureau for International Education\",\"description\":\"\",\"potentialAction\":[{\"@type\":\"SearchAction\",\"target\":{\"@type\":\"EntryPoint\",\"urlTemplate\":\"https:\\\/\\\/cbie.ca\\\/?s={search_term_string}\"},\"query-input\":{\"@type\":\"PropertyValueSpecification\",\"valueRequired\":true,\"valueName\":\"search_term_string\"}}],\"inLanguage\":\"fr-FR\"}]}<\/script>\n<!-- \/ Yoast SEO plugin. -->","yoast_head_json":{"title":"Notre exp\u00e9rience - CBIE","robots":{"index":"index","follow":"follow","max-snippet":"max-snippet:-1","max-image-preview":"max-image-preview:large","max-video-preview":"max-video-preview:-1"},"canonical":"https:\/\/cbie.ca\/fr\/who-we-are\/partenariats\/missions-de-collaboration\/notre-experience\/","og_locale":"fr_FR","og_type":"article","og_title":"Notre exp\u00e9rience - CBIE","og_description":"[vc_row bg_image=\u00a0\u00bb100609&Prime; parallax_bg=\u00a0\u00bbtrue\u00a0\u00bb bg_color=\u00a0\u00bb#01426a\u00a0\u00bb text_color=\u00a0\u00bblight\u00a0\u00bb text_align=\u00a0\u00bbcenter\u00a0\u00bb top_padding=\u00a0\u00bb40&Prime; bottom_padding=\u00a0\u00bb40&Prime; row_id=\u00a0\u00bbhero-banner\u00a0\u00bb][vc_column column_padding=\u00a0\u00bbcustom-padding\u00a0\u00bb column_custompadding=\u00a0\u00bb12% 0px\u00a0\u00bb text_color=\u00a0\u00bblight\u00a0\u00bb text_align=\u00a0\u00bbcenter\u00a0\u00bb width=\u00a0\u00bb1\/6&Prime;][\/vc_column][vc_column column_padding=\u00a0\u00bbcustom-padding\u00a0\u00bb column_custompadding=\u00a0\u00bb15% 0px\u00a0\u00bb width=\u00a0\u00bb2\/3&Prime;][vc_column_text] Missions de collaboration internationale [\/vc_column_text][vc_empty_space height=\u00a0\u00bb30px\u00a0\u00bb][vc_column_text] Notre exp\u00e9rience [\/vc_column_text][\/vc_column][vc_column width=\u00a0\u00bb1\/6&Prime;][\/vc_column][\/vc_row][vc_row text_align=\u00a0\u00bbcenter\u00a0\u00bb [&hellip;]","og_url":"https:\/\/cbie.ca\/fr\/who-we-are\/partenariats\/missions-de-collaboration\/notre-experience\/","og_site_name":"CBIE","article_modified_time":"2025-07-10T14:23:38+00:00","og_image":[{"width":1600,"height":900,"url":"https:\/\/cbie.ca\/wp-content\/uploads\/2024\/01\/CBIE-Announcement-EN.png","type":"image\/png"}],"twitter_card":"summary_large_image","twitter_misc":{"Dur\u00e9e de lecture estim\u00e9e":"6 minutes"},"schema":{"@context":"https:\/\/schema.org","@graph":[{"@type":"WebPage","@id":"https:\/\/cbie.ca\/fr\/who-we-are\/partenariats\/missions-de-collaboration\/notre-experience\/","url":"https:\/\/cbie.ca\/fr\/who-we-are\/partenariats\/missions-de-collaboration\/notre-experience\/","name":"Notre exp\u00e9rience - CBIE","isPartOf":{"@id":"https:\/\/cbie.ca\/#website"},"datePublished":"2023-06-06T13:51:29+00:00","dateModified":"2025-07-10T14:23:38+00:00","breadcrumb":{"@id":"https:\/\/cbie.ca\/fr\/who-we-are\/partenariats\/missions-de-collaboration\/notre-experience\/#breadcrumb"},"inLanguage":"fr-FR","potentialAction":[{"@type":"ReadAction","target":["https:\/\/cbie.ca\/fr\/who-we-are\/partenariats\/missions-de-collaboration\/notre-experience\/"]}]},{"@type":"BreadcrumbList","@id":"https:\/\/cbie.ca\/fr\/who-we-are\/partenariats\/missions-de-collaboration\/notre-experience\/#breadcrumb","itemListElement":[{"@type":"ListItem","position":1,"name":"Home","item":"https:\/\/cbie.ca\/fr\/"},{"@type":"ListItem","position":2,"name":"Qui sommes-nous?","item":"https:\/\/cbie.ca\/fr\/who-we-are\/"},{"@type":"ListItem","position":3,"name":"D\u00e9veloppement et partenariats","item":"https:\/\/cbie.ca\/fr\/who-we-are\/partenariats\/"},{"@type":"ListItem","position":4,"name":"S\u00e9rie de missions de collaboration internationale","item":"https:\/\/cbie.ca\/fr\/who-we-are\/partenariats\/missions-de-collaboration\/"},{"@type":"ListItem","position":5,"name":"Notre exp\u00e9rience"}]},{"@type":"WebSite","@id":"https:\/\/cbie.ca\/#website","url":"https:\/\/cbie.ca\/","name":"Canadian Bureau for International Education","description":"","potentialAction":[{"@type":"SearchAction","target":{"@type":"EntryPoint","urlTemplate":"https:\/\/cbie.ca\/?s={search_term_string}"},"query-input":{"@type":"PropertyValueSpecification","valueRequired":true,"valueName":"search_term_string"}}],"inLanguage":"fr-FR"}]}},"_links":{"self":[{"href":"https:\/\/cbie.ca\/fr\/wp-json\/wp\/v2\/pages\/100871","targetHints":{"allow":["GET"]}}],"collection":[{"href":"https:\/\/cbie.ca\/fr\/wp-json\/wp\/v2\/pages"}],"about":[{"href":"https:\/\/cbie.ca\/fr\/wp-json\/wp\/v2\/types\/page"}],"author":[{"embeddable":true,"href":"https:\/\/cbie.ca\/fr\/wp-json\/wp\/v2\/users\/2"}],"replies":[{"embeddable":true,"href":"https:\/\/cbie.ca\/fr\/wp-json\/wp\/v2\/comments?post=100871"}],"version-history":[{"count":2,"href":"https:\/\/cbie.ca\/fr\/wp-json\/wp\/v2\/pages\/100871\/revisions"}],"predecessor-version":[{"id":118068,"href":"https:\/\/cbie.ca\/fr\/wp-json\/wp\/v2\/pages\/100871\/revisions\/118068"}],"up":[{"embeddable":true,"href":"https:\/\/cbie.ca\/fr\/wp-json\/wp\/v2\/pages\/100558"}],"wp:attachment":[{"href":"https:\/\/cbie.ca\/fr\/wp-json\/wp\/v2\/media?parent=100871"}],"curies":[{"name":"wp","href":"https:\/\/api.w.org\/{rel}","templated":true}]}}