{"id":100838,"date":"2023-06-06T09:56:48","date_gmt":"2023-06-06T13:56:48","guid":{"rendered":"https:\/\/cbieca.wpenginepowered.com\/notre-travail\/visites-internationales\/mission-to-vietnam\/"},"modified":"2023-08-01T13:00:49","modified_gmt":"2023-08-01T17:00:49","slug":"mission-de-vietnam","status":"publish","type":"page","link":"https:\/\/cbie.ca\/fr\/who-we-are\/partenariats\/missions-de-collaboration\/mission-de-vietnam\/","title":{"rendered":"Mission de partenariat universitaire Canada-Vietnam"},"content":{"rendered":"<div class=\"wpb-content-wrapper\"><p>[vc_row type=\u00a0\u00bbfull_width_section\u00a0\u00bb text_align=\u00a0\u00bbcenter\u00a0\u00bb class=\u00a0\u00bbheading\u00a0\u00bb][vc_column el_class=\u00a0\u00bbheader-bg-col\u00a0\u00bb bg_image=\u00a0\u00bb100716&Prime; column_padding=\u00a0\u00bbpadding-3&Prime; column_center=\u00a0\u00bbtrue\u00a0\u00bb width=\u00a0\u00bb1\/2&Prime;]<div class=\"spacer\" style=\"height: 200px;\"><\/div>[\/vc_column][vc_column bg_color=\u00a0\u00bb#01426a\u00a0\u00bb column_padding=\u00a0\u00bbpadding-3&Prime; column_center=\u00a0\u00bbtrue\u00a0\u00bb text_color=\u00a0\u00bblight\u00a0\u00bb width=\u00a0\u00bb1\/2&Prime;][vc_column_text]<\/p>\n<h1 class=\"region\" style=\"text-align: center;\">Mission de partenariat<br \/>\nuniversitaire Canada-Vietnam<\/h1>\n<p>[\/vc_column_text]<div class=\"spacer\" style=\"height: 20px;\"><\/div>[vc_column_text]<\/p>\n<h3 class=\"white\">H\u00f4 Chi Minh-Ville et Hanoi<\/h3>\n<p>[\/vc_column_text]<div class=\"spacer\" style=\"height: 20px;\"><\/div>[vc_column_text]<\/p>\n<h2 class=\"gold\">10 au 13 octobre 2023<\/h2>\n<p>[\/vc_column_text]<div class=\"newdivider align-center\" style=\"border-bottom-style: solid; border-color: #ffffff; border-bottom-width: 1px; margin-top: 20px; margin-bottom: 20px; width: 60%; \"><\/div><div class=\"clear\"><\/div>[vc_column_text]<strong>Inscription ferm\u00e9e<\/strong>[\/vc_column_text][\/vc_column][\/vc_row][vc_row bg_color=\u00a0\u00bb#ffffff\u00a0\u00bb bottom_padding=\u00a0\u00bb70&Prime; class=\u00a0\u00bbheading\u00a0\u00bb][vc_column el_class=\u00a0\u00bbno-mobile-padding\u00a0\u00bb column_padding=\u00a0\u00bbcustom-padding\u00a0\u00bb column_custompadding=\u00a0\u00bb3% 10%\u00a0\u00bb column_center=\u00a0\u00bbtrue\u00a0\u00bb width=\u00a0\u00bb1\/1&Prime;][vc_row_inner][vc_column_inner width=\u00a0\u00bb1\/4&Prime;][\/vc_column_inner][vc_column_inner width=\u00a0\u00bb1\/2&Prime;][vc_single_image image=\u00a0\u00bb100917&Prime; img_size=\u00a0\u00bblarge\u00a0\u00bb alignment=\u00a0\u00bbcenter\u00a0\u00bb][\/vc_column_inner][vc_column_inner width=\u00a0\u00bb1\/4&Prime;][\/vc_column_inner][\/vc_row_inner]<div class=\"spacer\" style=\"height: 40px;\"><\/div>[vc_separator]<div class=\"spacer\" style=\"height: 40px;\"><\/div>[vc_column_text]<\/p>\n<h3>Aper\u00e7u<\/h3>\n<p>Le Service des d\u00e9l\u00e9gu\u00e9s commerciaux (SDC) du Canada au Vietnam et le Bureau canadien de l\u2019\u00e9ducation internationale (BCEI) organisent une s\u00e9rie d\u2019\u00e9v\u00e9nements de partenariat entre des universit\u00e9s canadiennes et vietnamiennes. Ces \u00e9v\u00e9nements auront lieu \u00e0 H\u00f4 Chi Minh-Ville et \u00e0 Hanoi.<\/p>\n<p>En plus de souligner le 50e anniversaire des relations diplomatiques entre le Canada et le Vietnam, ces \u00e9v\u00e9nements visent \u00e0 explorer et diversifier les occasions d\u2019affaires du secteur canadien de l\u2019\u00e9ducation internationale dans ce pays. Le Vietnam est le plus important partenaire commercial du Canada dans la r\u00e9gion de l\u2019ANASE et un pays prioritaire de la Strat\u00e9gie canadienne en mati\u00e8re d\u2019\u00e9ducation internationale.[\/vc_column_text]<div class=\"spacer\" style=\"height: 70px;\"><\/div>[vc_column_text]<\/p>\n<h3 style=\"text-align: left;\">Opportunit\u00e9s<\/h3>\n<p>[\/vc_column_text]<div class=\"newdivider align-left\" style=\"border-bottom-style: solid; border-color: #ffc72c; border-bottom-width: 2px; margin-top: 30px; margin-bottom: 30px; width: 130px; \"><\/div><div class=\"clear\"><\/div>[vc_column_text]<strong>Les universit\u00e9s qui participent aux activit\u00e9s pr\u00e9vues auront la chance :<\/strong><\/p>\n<ul>\n<li>De prendre connaissance des plus r\u00e9centes offres de partenariats en \u00e9ducation au Vietnam;<\/li>\n<li>De visiter des universit\u00e9s vietnamiennes qui repr\u00e9sentent des partenaires potentiels;<\/li>\n<li>De cr\u00e9er de nouvelles relations au Vietnam, ou de renforcer des relations existantes;<\/li>\n<li>De mettre en valeur l\u2019expertise et l\u2019enthousiasme canadiens envers le d\u00e9veloppement de solides partenariats internationaux.<\/li>\n<\/ul>\n<p>[\/vc_column_text]<div class=\"spacer\" style=\"height: 70px;\"><\/div>[vc_column_text]<\/p>\n<h3 style=\"text-align: left;\">Modalit\u00e9s Et Conditions<\/h3>\n<p>[\/vc_column_text]<div class=\"newdivider align-left\" style=\"border-bottom-style: solid; border-color: #ffc72c; border-bottom-width: 2px; margin-top: 30px; margin-bottom: 30px; width: 130px; \"><\/div><div class=\"clear\"><\/div>[vc_column_text]<\/p>\n<h5>Participation<\/h5>\n<p>La mission r\u00e9unira jusqu\u2019\u00e0 60 repr\u00e9sentant.e.s d\u2019au plus 40 \u00e9tablissements. Un \u00e9tablissement peut \u00eatre repr\u00e9sent\u00e9 par plus d\u2019une personne. Cependant, la mission s\u2019adresse d\u2019abord \u00e0 la personne-cadre ayant le mandat de n\u00e9gocier des ententes de partenariats. Un.e deuxi\u00e8me repr\u00e9sentant.e pourra participer \u00e0 la mission, en fonction des places disponibles.<\/p>\n<p>La p\u00e9riode d\u2019inscription se terminera le <strong>31 juillet 2023<\/strong>. Apr\u00e8s cette date, les personnes inscrites recevront une confirmation et des renseignements suppl\u00e9mentaires (dont de l\u2019information sur la possibilit\u00e9 d\u2019ajouter un.e deuxi\u00e8me repr\u00e9sentant.e du m\u00eame \u00e9tablissement).[\/vc_column_text]<div class=\"spacer\" style=\"height: 40px;\"><\/div>[vc_row_inner][vc_column_inner el_class=\u00a0\u00bbyellowbox\u00a0\u00bb css=\u00a0\u00bb.vc_custom_1651612760615{padding: 2% !important;}\u00a0\u00bb][vc_column_text]<\/p>\n<h5>Inscription B2B<\/h5>\n<p>\u00c0 partir de septembre 2023, les d\u00e9l\u00e9gu\u00e9.e.s participant.e.s \u00e0 la mission auront acc\u00e8s \u00e0 une plateforme en ligne pour s\u2019inscrire \u00e0 des rencontres inter\u00e9tablissements avec des universit\u00e9s vietnamiennes.[\/vc_column_text][\/vc_column_inner][\/vc_row_inner]<div class=\"spacer\" style=\"height: 40px;\"><\/div>[vc_column_text]<\/p>\n<h5>Frais de d\u00e9placement<\/h5>\n<p>Chaque \u00e9tablissement participant est responsable de r\u00e9server les billets d\u2019avion pour les vols internationaux (Canada \u2013 Vietnam) et int\u00e9rieurs (H\u00f4 Chi Minh-Ville \u2013 Hanoi) pour ses repr\u00e9sentant.e.s. Il en va de m\u00eame pour l\u2019h\u00e9bergement au Vietnam.[\/vc_column_text]<div class=\"spacer\" style=\"height: 40px;\"><\/div>[vc_column_text]<\/p>\n<h5>Remboursement CanExport<\/h5>\n<p>Les \u00e9tablissements membres du BCEI peuvent obtenir du financement par le biais du programme CanExport Associations d\u2019Affaires mondiales Canada afin de couvrir les frais de d\u00e9placement. Une seule personne par \u00e9tablissement peut se qualifier pour ce financement. Afin de b\u00e9n\u00e9ficier des fonds accord\u00e9s au BCEI par CanExport, les \u00e9tablissements doivent respecter les lignes directrices suivantes :<\/p>\n<ol>\n<li>Le billet d\u2019avion doit \u00eatre en classe \u00e9conomique et pour un itin\u00e9raire direct (sans autre escale\/\u00e9tape\/destination non li\u00e9e \u00e0 la mission du BCEI; les escales et les correspondances sont accept\u00e9es si elles permettent d\u2019obtenir un prix plus avantageux). <span style=\"text-decoration: underline;\">CanExport Associations n\u2019approuvera aucune demande de remboursement pour un billet en classe affaires ou en premi\u00e8re classe<\/span>.\n<ul>\n<li>Si le billet est r\u00e9serv\u00e9 pour une classe autre qu\u2019\u00e9conomique et un itin\u00e9raire autre que direct, vous devez obtenir un devis en format papier du prix de l\u2019itin\u00e9raire direct en classe \u00e9conomique avec la m\u00eame compagnie a\u00e9rienne (et les m\u00eames num\u00e9ros de vol, si possible), aux m\u00eames dates et pour la m\u00eame destination que le billet achet\u00e9. <span style=\"text-decoration: underline;\">Le devis en format papier doit \u00eatre dat\u00e9 le m\u00eame jour que l\u2019achat du billet<\/span>.<\/li>\n<li>Si votre \u00e9tablissement n\u2019a pas obtenu de devis pour le m\u00eame jour que l\u2019achat du billet, vous devez contacter la compagnie a\u00e9rienne et faire une demande pour l\u2019obtenir. Si la compagnie n\u2019est pas en mesure de vous fournir le devis, vous devez obtenir un autre devis \u00e0 titre comparatif pour un itin\u00e9raire direct en classe \u00e9conomique, avec la m\u00eame compagnie a\u00e9rienne, pour la m\u00eame dur\u00e9e de voyage, la m\u00eame destination et le m\u00eame d\u00e9lai de r\u00e9servation que le billet achet\u00e9. Les prix de billet applicables durant les p\u00e9riodes de pointe (p. ex. jours f\u00e9ri\u00e9s, conf\u00e9rences ou \u00e9v\u00e9nements sportifs d\u2019envergure) ne sont pas accept\u00e9s comme comparables.<\/li>\n<\/ul>\n<\/li>\n<li style=\"padding-top: 30px;\">Fournir au BCEI les documents suivants :\n<ul>\n<li>Re\u00e7u d\u2019h\u00e9bergement pendant quatre nuits<\/li>\n<li>Billet d\u2019avion ou devis correspondant<\/li>\n<\/ul>\n<\/li>\n<\/ol>\n<p>[\/vc_column_text]<div class=\"spacer\" style=\"height: 70px;\"><\/div>[vc_column_text]<\/p>\n<h3 style=\"text-align: left;\">\u00c9bauche de l\u2019horaire du programme<\/h3>\n<p>[\/vc_column_text]<div class=\"newdivider align-left\" style=\"border-bottom-style: solid; border-color: #ffc72c; border-bottom-width: 2px; margin-top: 30px; margin-bottom: 30px; width: 130px; \"><\/div><div class=\"clear\"><\/div>[vc_column_text]<\/p>\n<table>\n<thead>\n<tr>\n<th><strong> Date<\/strong><\/th>\n<th><strong> Emplacement<\/strong><\/th>\n<th><strong> Activit\u00e9<\/strong><\/th>\n<\/tr>\n<\/thead>\n<tbody>\n<tr>\n<td width=\"150px\"><strong>10 octobre<\/strong><\/td>\n<td>H\u00f4 Chi Minh-Ville<\/td>\n<td>Table ronde avec partenaires en \u00e9ducation, \u00e9changes de pratiques exemplaires<\/p>\n<p>Rencontres inter\u00e9tablissements entre universit\u00e9s canadiennes et vietnamiennes<\/td>\n<\/tr>\n<tr>\n<td><strong>11 octobre<\/strong><\/td>\n<td>H\u00f4 Chi Minh-Ville<\/td>\n<td>Visites en groupes de deux ou trois universit\u00e9s vietnamiennes publiques et priv\u00e9es<\/td>\n<\/tr>\n<tr>\n<td><strong>12 octobre<\/strong><\/td>\n<td>Hanoi<\/td>\n<td>Table ronde avec partenaires en \u00e9ducation, \u00e9changes de pratiques exemplaires<\/p>\n<p>Rencontres inter\u00e9tablissements entre universit\u00e9s canadiennes et vietnamiennes<\/td>\n<\/tr>\n<tr>\n<td><strong>13 octobre<\/strong><\/td>\n<td>Hanoi<\/td>\n<td>Visites en groupes de deux ou trois universit\u00e9s vietnamiennes publiques et priv\u00e9es<\/td>\n<\/tr>\n<\/tbody>\n<\/table>\n<p>Le programme complet de la mission sera disponible \u00e0 la mi-septembre 2023.<\/p>\n<p>On demandera \u00e0 tous les \u00e9tablissements canadiens et vietnamiens participants de cr\u00e9er un document de pr\u00e9sentation d\u2019une page. Ces documents seront partag\u00e9s sur une plateforme en ligne de communication inter\u00e9tablissements.<\/p>\n<p><strong>Pour plus d\u2019informations, \u00e9crivez-nous \u00e0 <a href=\"mailto:Partnerships-Partenariats@cbie.ca\">Partnerships-Partenariats@cbie.ca<\/a><\/strong>.[\/vc_column_text]<div class=\"spacer\" style=\"height: 40px;\"><\/div>[\/vc_column][\/vc_row]<\/p>\n<\/div>","protected":false},"excerpt":{"rendered":"<p>[vc_row type=\u00a0\u00bbfull_width_section\u00a0\u00bb text_align=\u00a0\u00bbcenter\u00a0\u00bb class=\u00a0\u00bbheading\u00a0\u00bb][vc_column el_class=\u00a0\u00bbheader-bg-col\u00a0\u00bb bg_image=\u00a0\u00bb100716&Prime; column_padding=\u00a0\u00bbpadding-3&Prime; column_center=\u00a0\u00bbtrue\u00a0\u00bb width=\u00a0\u00bb1\/2&Prime;][\/vc_column][vc_column bg_color=\u00a0\u00bb#01426a\u00a0\u00bb column_padding=\u00a0\u00bbpadding-3&Prime; column_center=\u00a0\u00bbtrue\u00a0\u00bb text_color=\u00a0\u00bblight\u00a0\u00bb width=\u00a0\u00bb1\/2&Prime;][vc_column_text] Mission de partenariat universitaire Canada-Vietnam [\/vc_column_text][vc_column_text] H\u00f4 Chi Minh-Ville et Hanoi [\/vc_column_text][vc_column_text] 10 au 13 octobre [&hellip;]<\/p>\n","protected":false},"author":2,"featured_media":0,"parent":100558,"menu_order":0,"comment_status":"closed","ping_status":"closed","template":"","meta":{"_acf_changed":false,"footnotes":""},"class_list":["post-100838","page","type-page","status-publish","hentry"],"acf":[],"yoast_head":"<!-- This site is optimized with the Yoast SEO plugin v27.3 - https:\/\/yoast.com\/product\/yoast-seo-wordpress\/ -->\n<title>Mission de partenariat universitaire Canada-Vietnam - CBIE<\/title>\n<meta name=\"robots\" content=\"index, follow, max-snippet:-1, max-image-preview:large, max-video-preview:-1\" \/>\n<link rel=\"canonical\" href=\"https:\/\/cbie.ca\/fr\/who-we-are\/partenariats\/missions-de-collaboration\/mission-de-vietnam\/\" \/>\n<meta property=\"og:locale\" content=\"fr_FR\" \/>\n<meta property=\"og:type\" content=\"article\" \/>\n<meta property=\"og:title\" content=\"Mission de partenariat universitaire Canada-Vietnam - CBIE\" \/>\n<meta property=\"og:description\" content=\"[vc_row type=\u00a0\u00bbfull_width_section\u00a0\u00bb text_align=\u00a0\u00bbcenter\u00a0\u00bb class=\u00a0\u00bbheading\u00a0\u00bb][vc_column el_class=\u00a0\u00bbheader-bg-col\u00a0\u00bb bg_image=\u00a0\u00bb100716&Prime; column_padding=\u00a0\u00bbpadding-3&Prime; column_center=\u00a0\u00bbtrue\u00a0\u00bb width=\u00a0\u00bb1\/2&Prime;][\/vc_column][vc_column bg_color=\u00a0\u00bb#01426a\u00a0\u00bb column_padding=\u00a0\u00bbpadding-3&Prime; column_center=\u00a0\u00bbtrue\u00a0\u00bb text_color=\u00a0\u00bblight\u00a0\u00bb width=\u00a0\u00bb1\/2&Prime;][vc_column_text] Mission de partenariat universitaire Canada-Vietnam [\/vc_column_text][vc_column_text] H\u00f4 Chi Minh-Ville et Hanoi [\/vc_column_text][vc_column_text] 10 au 13 octobre [&hellip;]\" \/>\n<meta property=\"og:url\" content=\"https:\/\/cbie.ca\/fr\/who-we-are\/partenariats\/missions-de-collaboration\/mission-de-vietnam\/\" \/>\n<meta property=\"og:site_name\" content=\"CBIE\" \/>\n<meta property=\"article:modified_time\" content=\"2023-08-01T17:00:49+00:00\" \/>\n<meta property=\"og:image\" content=\"https:\/\/cbie.ca\/wp-content\/uploads\/2024\/01\/CBIE-Announcement-EN.png\" \/>\n\t<meta property=\"og:image:width\" content=\"1600\" \/>\n\t<meta property=\"og:image:height\" content=\"900\" \/>\n\t<meta property=\"og:image:type\" content=\"image\/png\" \/>\n<meta name=\"twitter:card\" content=\"summary_large_image\" \/>\n<meta name=\"twitter:label1\" content=\"Dur\u00e9e de lecture estim\u00e9e\" \/>\n\t<meta name=\"twitter:data1\" content=\"4 minutes\" \/>\n<script type=\"application\/ld+json\" class=\"yoast-schema-graph\">{\"@context\":\"https:\\\/\\\/schema.org\",\"@graph\":[{\"@type\":\"WebPage\",\"@id\":\"https:\\\/\\\/cbie.ca\\\/fr\\\/who-we-are\\\/partenariats\\\/missions-de-collaboration\\\/mission-de-vietnam\\\/\",\"url\":\"https:\\\/\\\/cbie.ca\\\/fr\\\/who-we-are\\\/partenariats\\\/missions-de-collaboration\\\/mission-de-vietnam\\\/\",\"name\":\"Mission de partenariat universitaire Canada-Vietnam - CBIE\",\"isPartOf\":{\"@id\":\"https:\\\/\\\/cbie.ca\\\/#website\"},\"datePublished\":\"2023-06-06T13:56:48+00:00\",\"dateModified\":\"2023-08-01T17:00:49+00:00\",\"breadcrumb\":{\"@id\":\"https:\\\/\\\/cbie.ca\\\/fr\\\/who-we-are\\\/partenariats\\\/missions-de-collaboration\\\/mission-de-vietnam\\\/#breadcrumb\"},\"inLanguage\":\"fr-FR\",\"potentialAction\":[{\"@type\":\"ReadAction\",\"target\":[\"https:\\\/\\\/cbie.ca\\\/fr\\\/who-we-are\\\/partenariats\\\/missions-de-collaboration\\\/mission-de-vietnam\\\/\"]}]},{\"@type\":\"BreadcrumbList\",\"@id\":\"https:\\\/\\\/cbie.ca\\\/fr\\\/who-we-are\\\/partenariats\\\/missions-de-collaboration\\\/mission-de-vietnam\\\/#breadcrumb\",\"itemListElement\":[{\"@type\":\"ListItem\",\"position\":1,\"name\":\"Home\",\"item\":\"https:\\\/\\\/cbie.ca\\\/fr\\\/\"},{\"@type\":\"ListItem\",\"position\":2,\"name\":\"Qui sommes-nous?\",\"item\":\"https:\\\/\\\/cbie.ca\\\/fr\\\/who-we-are\\\/\"},{\"@type\":\"ListItem\",\"position\":3,\"name\":\"D\u00e9veloppement et partenariats\",\"item\":\"https:\\\/\\\/cbie.ca\\\/fr\\\/who-we-are\\\/partenariats\\\/\"},{\"@type\":\"ListItem\",\"position\":4,\"name\":\"S\u00e9rie de missions de collaboration internationale\",\"item\":\"https:\\\/\\\/cbie.ca\\\/fr\\\/who-we-are\\\/partenariats\\\/missions-de-collaboration\\\/\"},{\"@type\":\"ListItem\",\"position\":5,\"name\":\"Mission de partenariat universitaire Canada-Vietnam\"}]},{\"@type\":\"WebSite\",\"@id\":\"https:\\\/\\\/cbie.ca\\\/#website\",\"url\":\"https:\\\/\\\/cbie.ca\\\/\",\"name\":\"Canadian Bureau for International Education\",\"description\":\"\",\"potentialAction\":[{\"@type\":\"SearchAction\",\"target\":{\"@type\":\"EntryPoint\",\"urlTemplate\":\"https:\\\/\\\/cbie.ca\\\/?s={search_term_string}\"},\"query-input\":{\"@type\":\"PropertyValueSpecification\",\"valueRequired\":true,\"valueName\":\"search_term_string\"}}],\"inLanguage\":\"fr-FR\"}]}<\/script>\n<!-- \/ Yoast SEO plugin. -->","yoast_head_json":{"title":"Mission de partenariat universitaire Canada-Vietnam - CBIE","robots":{"index":"index","follow":"follow","max-snippet":"max-snippet:-1","max-image-preview":"max-image-preview:large","max-video-preview":"max-video-preview:-1"},"canonical":"https:\/\/cbie.ca\/fr\/who-we-are\/partenariats\/missions-de-collaboration\/mission-de-vietnam\/","og_locale":"fr_FR","og_type":"article","og_title":"Mission de partenariat universitaire Canada-Vietnam - CBIE","og_description":"[vc_row type=\u00a0\u00bbfull_width_section\u00a0\u00bb text_align=\u00a0\u00bbcenter\u00a0\u00bb class=\u00a0\u00bbheading\u00a0\u00bb][vc_column el_class=\u00a0\u00bbheader-bg-col\u00a0\u00bb bg_image=\u00a0\u00bb100716&Prime; column_padding=\u00a0\u00bbpadding-3&Prime; column_center=\u00a0\u00bbtrue\u00a0\u00bb width=\u00a0\u00bb1\/2&Prime;][\/vc_column][vc_column bg_color=\u00a0\u00bb#01426a\u00a0\u00bb column_padding=\u00a0\u00bbpadding-3&Prime; column_center=\u00a0\u00bbtrue\u00a0\u00bb text_color=\u00a0\u00bblight\u00a0\u00bb width=\u00a0\u00bb1\/2&Prime;][vc_column_text] Mission de partenariat universitaire Canada-Vietnam [\/vc_column_text][vc_column_text] H\u00f4 Chi Minh-Ville et Hanoi [\/vc_column_text][vc_column_text] 10 au 13 octobre [&hellip;]","og_url":"https:\/\/cbie.ca\/fr\/who-we-are\/partenariats\/missions-de-collaboration\/mission-de-vietnam\/","og_site_name":"CBIE","article_modified_time":"2023-08-01T17:00:49+00:00","og_image":[{"width":1600,"height":900,"url":"https:\/\/cbie.ca\/wp-content\/uploads\/2024\/01\/CBIE-Announcement-EN.png","type":"image\/png"}],"twitter_card":"summary_large_image","twitter_misc":{"Dur\u00e9e de lecture estim\u00e9e":"4 minutes"},"schema":{"@context":"https:\/\/schema.org","@graph":[{"@type":"WebPage","@id":"https:\/\/cbie.ca\/fr\/who-we-are\/partenariats\/missions-de-collaboration\/mission-de-vietnam\/","url":"https:\/\/cbie.ca\/fr\/who-we-are\/partenariats\/missions-de-collaboration\/mission-de-vietnam\/","name":"Mission de partenariat universitaire Canada-Vietnam - CBIE","isPartOf":{"@id":"https:\/\/cbie.ca\/#website"},"datePublished":"2023-06-06T13:56:48+00:00","dateModified":"2023-08-01T17:00:49+00:00","breadcrumb":{"@id":"https:\/\/cbie.ca\/fr\/who-we-are\/partenariats\/missions-de-collaboration\/mission-de-vietnam\/#breadcrumb"},"inLanguage":"fr-FR","potentialAction":[{"@type":"ReadAction","target":["https:\/\/cbie.ca\/fr\/who-we-are\/partenariats\/missions-de-collaboration\/mission-de-vietnam\/"]}]},{"@type":"BreadcrumbList","@id":"https:\/\/cbie.ca\/fr\/who-we-are\/partenariats\/missions-de-collaboration\/mission-de-vietnam\/#breadcrumb","itemListElement":[{"@type":"ListItem","position":1,"name":"Home","item":"https:\/\/cbie.ca\/fr\/"},{"@type":"ListItem","position":2,"name":"Qui sommes-nous?","item":"https:\/\/cbie.ca\/fr\/who-we-are\/"},{"@type":"ListItem","position":3,"name":"D\u00e9veloppement et partenariats","item":"https:\/\/cbie.ca\/fr\/who-we-are\/partenariats\/"},{"@type":"ListItem","position":4,"name":"S\u00e9rie de missions de collaboration internationale","item":"https:\/\/cbie.ca\/fr\/who-we-are\/partenariats\/missions-de-collaboration\/"},{"@type":"ListItem","position":5,"name":"Mission de partenariat universitaire Canada-Vietnam"}]},{"@type":"WebSite","@id":"https:\/\/cbie.ca\/#website","url":"https:\/\/cbie.ca\/","name":"Canadian Bureau for International Education","description":"","potentialAction":[{"@type":"SearchAction","target":{"@type":"EntryPoint","urlTemplate":"https:\/\/cbie.ca\/?s={search_term_string}"},"query-input":{"@type":"PropertyValueSpecification","valueRequired":true,"valueName":"search_term_string"}}],"inLanguage":"fr-FR"}]}},"_links":{"self":[{"href":"https:\/\/cbie.ca\/fr\/wp-json\/wp\/v2\/pages\/100838","targetHints":{"allow":["GET"]}}],"collection":[{"href":"https:\/\/cbie.ca\/fr\/wp-json\/wp\/v2\/pages"}],"about":[{"href":"https:\/\/cbie.ca\/fr\/wp-json\/wp\/v2\/types\/page"}],"author":[{"embeddable":true,"href":"https:\/\/cbie.ca\/fr\/wp-json\/wp\/v2\/users\/2"}],"replies":[{"embeddable":true,"href":"https:\/\/cbie.ca\/fr\/wp-json\/wp\/v2\/comments?post=100838"}],"version-history":[{"count":0,"href":"https:\/\/cbie.ca\/fr\/wp-json\/wp\/v2\/pages\/100838\/revisions"}],"up":[{"embeddable":true,"href":"https:\/\/cbie.ca\/fr\/wp-json\/wp\/v2\/pages\/100558"}],"wp:attachment":[{"href":"https:\/\/cbie.ca\/fr\/wp-json\/wp\/v2\/media?parent=100838"}],"curies":[{"name":"wp","href":"https:\/\/api.w.org\/{rel}","templated":true}]}}