{"id":100558,"date":"2023-06-06T09:48:08","date_gmt":"2023-06-06T13:48:08","guid":{"rendered":"https:\/\/cbieca.wpenginepowered.com\/?page_id=100558"},"modified":"2023-10-24T11:37:46","modified_gmt":"2023-10-24T15:37:46","slug":"missions-de-collaboration","status":"publish","type":"page","link":"https:\/\/cbie.ca\/fr\/who-we-are\/partenariats\/missions-de-collaboration\/","title":{"rendered":"S\u00e9rie de missions de collaboration internationale"},"content":{"rendered":"<div class=\"wpb-content-wrapper\"><p>[vc_row bg_image=\u00a0\u00bb100563&Prime; parallax_bg=\u00a0\u00bbtrue\u00a0\u00bb bg_color=\u00a0\u00bb#01426a\u00a0\u00bb text_color=\u00a0\u00bblight\u00a0\u00bb text_align=\u00a0\u00bbcenter\u00a0\u00bb top_padding=\u00a0\u00bb40&Prime; bottom_padding=\u00a0\u00bb40&Prime; row_id=\u00a0\u00bbhero-banner\u00a0\u00bb][vc_column column_padding=\u00a0\u00bbcustom-padding\u00a0\u00bb column_custompadding=\u00a0\u00bb12% 0px\u00a0\u00bb text_color=\u00a0\u00bblight\u00a0\u00bb text_align=\u00a0\u00bbcenter\u00a0\u00bb width=\u00a0\u00bb1\/6&Prime;][\/vc_column][vc_column column_padding=\u00a0\u00bbcustom-padding\u00a0\u00bb column_custompadding=\u00a0\u00bb15% 0px\u00a0\u00bb width=\u00a0\u00bb2\/3&Prime;][vc_column_text]<\/p>\n<h1>S\u00e9rie de missions de collaboration internationale<\/h1>\n<p>[\/vc_column_text][vc_empty_space height=\u00a0\u00bb30px\u00a0\u00bb][vc_column_text]Nos missions de collaboration internationale forgent des liens profonds entre les membres du BCEI et une multitude de partenaires internationaux d\u2019un pays ou d\u2019une r\u00e9gion.<br \/>\n[\/vc_column_text][\/vc_column][vc_column width=\u00a0\u00bb1\/6&Prime;][\/vc_column][\/vc_row][vc_row top_padding=\u00a0\u00bb70&Prime; bottom_padding=\u00a0\u00bb70&Prime;][vc_column width=\u00a0\u00bb1\/1&Prime;]<div class=\"single_image wpb_content_element align-center    \" data-animation=\"none\" data-delay=\"0\"><img decoding=\"async\" class=\"\" src=\"https:\/\/cbie.ca\/wp-content\/uploads\/2013\/01\/icon-testimonials-100x100.png\" width=\"100\" height=\"100\" alt=\"icon-testimonials\" title=\"icon-testimonials\" loading=\"lazy\" \/><\/div><div class=\"spacer\" style=\"height: 50px;\"><\/div><div class=\"testimonial-slider-wrap wpb_content_element\"><div class=\"testimonial-slide\">\u00ab `{`La mission du BCEI`}` a rassembl\u00e9 un bon m\u00e9lange de personnes dans le pays qui ont tous la m\u00eame passion de l\u2019enseignement et de l\u2019apprentissage et leur a montr\u00e9 tout le pouvoir de la collaboration pour le bien commun canadien. \u00bb<span>&#45; Directeur, Saint Mary&#039;s University<\/span><\/div><div class=\"testimonial-slide\">\u00ab Le BCEI est en train de cr\u00e9er un espace pour faciliter les relations internationales concr\u00e8tes pour \u00e9tablir un \u00ab pont \u00bb scolaire entre les \u00e9tablissements, les pays et les cultures. \u00bb<span>&#45; Vice-pr\u00e9sident \u00e0 la recherche, University of Lethbridge<\/span><\/div><div class=\"testimonial-slide\">\u00ab La mission du BCEI `{`\u2026`}` a \u00e9t\u00e9 une fa\u00e7on extraordinaire de rencontrer une bonne cinquantaine de grandes universit\u00e9s en six jours et d\u2019\u00e9tablir des relations \u00e9troites avec plusieurs d\u2019entre elles. Le c\u00f4t\u00e9 humain du travail international a une valeur extraordinaire. \u00bb<span>&#45; Directeur int\u00e9rimaire, Centre d\u2019\u00e9tudes ukrainiennes, University of Manitoba<\/span><\/div><div class=\"testimonial-slide\">\u00ab Nous nous sommes engag\u00e9s \u00e0 renforcer la diversit\u00e9 de nos communaut\u00e9s sur le campus. Ces partenariats pourraient \u00eatre une excellente fa\u00e7on de contribuer \u00e0 am\u00e9liorer les comp\u00e9tences interculturelles de nos \u00e9tudiants, de nos professeurs et de notre personnel\u2026 `{`et`}` de faire partie d\u2019un effort continu d\u2019enrichissement de la recherche, des programmes universitaires, de la mobilit\u00e9 du personnel et des \u00e9tudiants\u2026 \u00bb<span>&#45; Vice-recteur (International), University of Calgary<\/span><\/div><div class=\"testimonial-slide\">\u00ab Les missions du BCEI donnent une excellente occasion pour les universit\u00e9s de rencontrer des \u00e9coles internationales, ainsi que de cr\u00e9er des liens plus \u00e9troits avec les autres universit\u00e9s canadiennes participantes. \u00bb<span>&#45; Doyen des affaires, University of Regina<\/span><\/div><\/div>[\/vc_column][\/vc_row][vc_row top_padding=\u00a0\u00bb70&Prime; bottom_padding=\u00a0\u00bb30&Prime; class=\u00a0\u00bbmission-odd-section\u00a0\u00bb][vc_column el_class=\u00a0\u00bbmission-odd-text-section\u00a0\u00bb bg_color=\u00a0\u00bb#f4f4f4&Prime; column_padding=\u00a0\u00bbpadding-4&Prime; column_center=\u00a0\u00bbtrue\u00a0\u00bb width=\u00a0\u00bb2\/3&Prime;][vc_column_text]<\/p>\n<h5>Notre exp\u00e9rience<\/h5>\n<p>Le BCEI a r\u00e9uni plusieurs universit\u00e9s et coll\u00e8ges canadiens pour participer \u00e0 des missions internationales destin\u00e9es \u00e0 renforcer les partenariats \u00e9ducatifs avec des \u00e9tablissements du monde entier.<br \/>\n[\/vc_column_text]<div class=\"spacer\" style=\"height: 40px;\"><\/div><a href=\"https:\/\/cbie.ca\/fr\/who-we-are\/partenariats\/missions-de-collaboration\/notre-experience\/\" target=\"_self\" class=\"button color-2 medium \" style=\"border-radius: 2px;\">En savoir plus<\/a>[\/vc_column][vc_column el_class=\u00a0\u00bbmission-odd-img-section\u00a0\u00bb bg_image=\u00a0\u00bb100774&Prime; column_center=\u00a0\u00bbtrue\u00a0\u00bb width=\u00a0\u00bb1\/3&Prime;][\/vc_column][\/vc_row][vc_row top_padding=\u00a0\u00bb30&Prime; bottom_padding=\u00a0\u00bb30&Prime;][vc_column el_class=\u00a0\u00bb.mission-even-img-section\u00a0\u00bb bg_image=\u00a0\u00bb100776&Prime; column_center=\u00a0\u00bbtrue\u00a0\u00bb width=\u00a0\u00bb1\/3&Prime;][\/vc_column][vc_column bg_color=\u00a0\u00bb#f4f4f4&Prime; column_padding=\u00a0\u00bbpadding-4&Prime; column_center=\u00a0\u00bbtrue\u00a0\u00bb width=\u00a0\u00bb2\/3&Prime;][vc_column_text]<\/p>\n<h5>Informations g\u00e9n\u00e9rales sur la mission<\/h5>\n<p>Pr\u00e9par\u00e9es avec la collaboration des membres du BCEI, les missions ont de multiples facettes et repr\u00e9sentent une approche holistique du d\u00e9veloppement des partenariats \u00e9ducatifs.[\/vc_column_text]<div class=\"spacer\" style=\"height: 40px;\"><\/div><a href=\"https:\/\/cbie.ca\/fr\/who-we-are\/partenariats\/missions-de-collaboration\/informations-generales-sur-la-mission\/\" target=\"_self\" class=\"button color-2 medium \" style=\"border-radius: 2px;\">En savoir plus<\/a>[\/vc_column][\/vc_row][vc_row top_padding=\u00a0\u00bb30&Prime; bottom_padding=\u00a0\u00bb70&Prime; class=\u00a0\u00bbmission-odd-section\u00a0\u00bb][vc_column el_class=\u00a0\u00bbmission-odd-text-section\u00a0\u00bb bg_color=\u00a0\u00bb#f4f4f4&Prime; column_padding=\u00a0\u00bbpadding-4&Prime; column_center=\u00a0\u00bbtrue\u00a0\u00bb width=\u00a0\u00bb2\/3&Prime;][vc_column_text]<\/p>\n<h5>Avantages institutionnels<\/h5>\n<p>Acqu\u00e9rir une expertise approfondie, favoriser les relations entre les pairs, mettre en valeur le milieu \u00e9ducatif canadien, et renforcer les efforts d\u2019internationalisation.[\/vc_column_text]<div class=\"spacer\" style=\"height: 40px;\"><\/div><a href=\"https:\/\/cbie.ca\/fr\/who-we-are\/partenariats\/missions-de-collaboration\/avantages-institutionnels\/\" target=\"_self\" class=\"button color-2 medium \" style=\"border-radius: 2px;\">En savoir plus<\/a>[\/vc_column][vc_column el_class=\u00a0\u00bbmission-odd-img-section\u00a0\u00bb bg_image=\u00a0\u00bb100772&Prime; column_center=\u00a0\u00bbtrue\u00a0\u00bb width=\u00a0\u00bb1\/3&Prime;][\/vc_column][\/vc_row]<\/p>\n<\/div>","protected":false},"excerpt":{"rendered":"<p>[vc_row bg_image=\u00a0\u00bb100563&Prime; parallax_bg=\u00a0\u00bbtrue\u00a0\u00bb bg_color=\u00a0\u00bb#01426a\u00a0\u00bb text_color=\u00a0\u00bblight\u00a0\u00bb text_align=\u00a0\u00bbcenter\u00a0\u00bb top_padding=\u00a0\u00bb40&Prime; bottom_padding=\u00a0\u00bb40&Prime; row_id=\u00a0\u00bbhero-banner\u00a0\u00bb][vc_column column_padding=\u00a0\u00bbcustom-padding\u00a0\u00bb column_custompadding=\u00a0\u00bb12% 0px\u00a0\u00bb text_color=\u00a0\u00bblight\u00a0\u00bb text_align=\u00a0\u00bbcenter\u00a0\u00bb width=\u00a0\u00bb1\/6&Prime;][\/vc_column][vc_column column_padding=\u00a0\u00bbcustom-padding\u00a0\u00bb column_custompadding=\u00a0\u00bb15% 0px\u00a0\u00bb width=\u00a0\u00bb2\/3&Prime;][vc_column_text] S\u00e9rie de missions de collaboration internationale [\/vc_column_text][vc_empty_space height=\u00a0\u00bb30px\u00a0\u00bb][vc_column_text]Nos missions de collaboration [&hellip;]<\/p>\n","protected":false},"author":2,"featured_media":0,"parent":100527,"menu_order":0,"comment_status":"closed","ping_status":"closed","template":"","meta":{"_acf_changed":false,"footnotes":""},"class_list":["post-100558","page","type-page","status-publish","hentry"],"acf":[],"yoast_head":"<!-- This site is optimized with the Yoast SEO plugin v27.3 - https:\/\/yoast.com\/product\/yoast-seo-wordpress\/ -->\n<title>S\u00e9rie de missions de collaboration internationale - CBIE<\/title>\n<meta name=\"robots\" content=\"index, follow, max-snippet:-1, max-image-preview:large, max-video-preview:-1\" \/>\n<link rel=\"canonical\" href=\"https:\/\/cbie.ca\/fr\/who-we-are\/partenariats\/missions-de-collaboration\/\" \/>\n<meta property=\"og:locale\" content=\"fr_FR\" \/>\n<meta property=\"og:type\" content=\"article\" \/>\n<meta property=\"og:title\" content=\"S\u00e9rie de missions de collaboration internationale - CBIE\" \/>\n<meta property=\"og:description\" content=\"[vc_row bg_image=\u00a0\u00bb100563&Prime; parallax_bg=\u00a0\u00bbtrue\u00a0\u00bb bg_color=\u00a0\u00bb#01426a\u00a0\u00bb text_color=\u00a0\u00bblight\u00a0\u00bb text_align=\u00a0\u00bbcenter\u00a0\u00bb top_padding=\u00a0\u00bb40&Prime; bottom_padding=\u00a0\u00bb40&Prime; row_id=\u00a0\u00bbhero-banner\u00a0\u00bb][vc_column column_padding=\u00a0\u00bbcustom-padding\u00a0\u00bb column_custompadding=\u00a0\u00bb12% 0px\u00a0\u00bb text_color=\u00a0\u00bblight\u00a0\u00bb text_align=\u00a0\u00bbcenter\u00a0\u00bb width=\u00a0\u00bb1\/6&Prime;][\/vc_column][vc_column column_padding=\u00a0\u00bbcustom-padding\u00a0\u00bb column_custompadding=\u00a0\u00bb15% 0px\u00a0\u00bb width=\u00a0\u00bb2\/3&Prime;][vc_column_text] S\u00e9rie de missions de collaboration internationale [\/vc_column_text][vc_empty_space height=\u00a0\u00bb30px\u00a0\u00bb][vc_column_text]Nos missions de collaboration [&hellip;]\" \/>\n<meta property=\"og:url\" content=\"https:\/\/cbie.ca\/fr\/who-we-are\/partenariats\/missions-de-collaboration\/\" \/>\n<meta property=\"og:site_name\" content=\"CBIE\" \/>\n<meta property=\"article:modified_time\" content=\"2023-10-24T15:37:46+00:00\" \/>\n<meta property=\"og:image\" content=\"https:\/\/cbie.ca\/wp-content\/uploads\/2024\/01\/CBIE-Announcement-EN.png\" \/>\n\t<meta property=\"og:image:width\" content=\"1600\" \/>\n\t<meta property=\"og:image:height\" content=\"900\" \/>\n\t<meta property=\"og:image:type\" content=\"image\/png\" \/>\n<meta name=\"twitter:card\" content=\"summary_large_image\" \/>\n<meta name=\"twitter:label1\" content=\"Dur\u00e9e de lecture estim\u00e9e\" \/>\n\t<meta name=\"twitter:data1\" content=\"3 minutes\" \/>\n<script type=\"application\/ld+json\" class=\"yoast-schema-graph\">{\"@context\":\"https:\\\/\\\/schema.org\",\"@graph\":[{\"@type\":\"WebPage\",\"@id\":\"https:\\\/\\\/cbie.ca\\\/fr\\\/who-we-are\\\/partenariats\\\/missions-de-collaboration\\\/\",\"url\":\"https:\\\/\\\/cbie.ca\\\/fr\\\/who-we-are\\\/partenariats\\\/missions-de-collaboration\\\/\",\"name\":\"S\u00e9rie de missions de collaboration internationale - CBIE\",\"isPartOf\":{\"@id\":\"https:\\\/\\\/cbie.ca\\\/#website\"},\"datePublished\":\"2023-06-06T13:48:08+00:00\",\"dateModified\":\"2023-10-24T15:37:46+00:00\",\"breadcrumb\":{\"@id\":\"https:\\\/\\\/cbie.ca\\\/fr\\\/who-we-are\\\/partenariats\\\/missions-de-collaboration\\\/#breadcrumb\"},\"inLanguage\":\"fr-FR\",\"potentialAction\":[{\"@type\":\"ReadAction\",\"target\":[\"https:\\\/\\\/cbie.ca\\\/fr\\\/who-we-are\\\/partenariats\\\/missions-de-collaboration\\\/\"]}]},{\"@type\":\"BreadcrumbList\",\"@id\":\"https:\\\/\\\/cbie.ca\\\/fr\\\/who-we-are\\\/partenariats\\\/missions-de-collaboration\\\/#breadcrumb\",\"itemListElement\":[{\"@type\":\"ListItem\",\"position\":1,\"name\":\"Home\",\"item\":\"https:\\\/\\\/cbie.ca\\\/fr\\\/\"},{\"@type\":\"ListItem\",\"position\":2,\"name\":\"Qui sommes-nous?\",\"item\":\"https:\\\/\\\/cbie.ca\\\/fr\\\/who-we-are\\\/\"},{\"@type\":\"ListItem\",\"position\":3,\"name\":\"D\u00e9veloppement et partenariats\",\"item\":\"https:\\\/\\\/cbie.ca\\\/fr\\\/who-we-are\\\/partenariats\\\/\"},{\"@type\":\"ListItem\",\"position\":4,\"name\":\"S\u00e9rie de missions de collaboration internationale\"}]},{\"@type\":\"WebSite\",\"@id\":\"https:\\\/\\\/cbie.ca\\\/#website\",\"url\":\"https:\\\/\\\/cbie.ca\\\/\",\"name\":\"Canadian Bureau for International Education\",\"description\":\"\",\"potentialAction\":[{\"@type\":\"SearchAction\",\"target\":{\"@type\":\"EntryPoint\",\"urlTemplate\":\"https:\\\/\\\/cbie.ca\\\/?s={search_term_string}\"},\"query-input\":{\"@type\":\"PropertyValueSpecification\",\"valueRequired\":true,\"valueName\":\"search_term_string\"}}],\"inLanguage\":\"fr-FR\"}]}<\/script>\n<!-- \/ Yoast SEO plugin. -->","yoast_head_json":{"title":"S\u00e9rie de missions de collaboration internationale - CBIE","robots":{"index":"index","follow":"follow","max-snippet":"max-snippet:-1","max-image-preview":"max-image-preview:large","max-video-preview":"max-video-preview:-1"},"canonical":"https:\/\/cbie.ca\/fr\/who-we-are\/partenariats\/missions-de-collaboration\/","og_locale":"fr_FR","og_type":"article","og_title":"S\u00e9rie de missions de collaboration internationale - CBIE","og_description":"[vc_row bg_image=\u00a0\u00bb100563&Prime; parallax_bg=\u00a0\u00bbtrue\u00a0\u00bb bg_color=\u00a0\u00bb#01426a\u00a0\u00bb text_color=\u00a0\u00bblight\u00a0\u00bb text_align=\u00a0\u00bbcenter\u00a0\u00bb top_padding=\u00a0\u00bb40&Prime; bottom_padding=\u00a0\u00bb40&Prime; row_id=\u00a0\u00bbhero-banner\u00a0\u00bb][vc_column column_padding=\u00a0\u00bbcustom-padding\u00a0\u00bb column_custompadding=\u00a0\u00bb12% 0px\u00a0\u00bb text_color=\u00a0\u00bblight\u00a0\u00bb text_align=\u00a0\u00bbcenter\u00a0\u00bb width=\u00a0\u00bb1\/6&Prime;][\/vc_column][vc_column column_padding=\u00a0\u00bbcustom-padding\u00a0\u00bb column_custompadding=\u00a0\u00bb15% 0px\u00a0\u00bb width=\u00a0\u00bb2\/3&Prime;][vc_column_text] S\u00e9rie de missions de collaboration internationale [\/vc_column_text][vc_empty_space height=\u00a0\u00bb30px\u00a0\u00bb][vc_column_text]Nos missions de collaboration [&hellip;]","og_url":"https:\/\/cbie.ca\/fr\/who-we-are\/partenariats\/missions-de-collaboration\/","og_site_name":"CBIE","article_modified_time":"2023-10-24T15:37:46+00:00","og_image":[{"width":1600,"height":900,"url":"https:\/\/cbie.ca\/wp-content\/uploads\/2024\/01\/CBIE-Announcement-EN.png","type":"image\/png"}],"twitter_card":"summary_large_image","twitter_misc":{"Dur\u00e9e de lecture estim\u00e9e":"3 minutes"},"schema":{"@context":"https:\/\/schema.org","@graph":[{"@type":"WebPage","@id":"https:\/\/cbie.ca\/fr\/who-we-are\/partenariats\/missions-de-collaboration\/","url":"https:\/\/cbie.ca\/fr\/who-we-are\/partenariats\/missions-de-collaboration\/","name":"S\u00e9rie de missions de collaboration internationale - CBIE","isPartOf":{"@id":"https:\/\/cbie.ca\/#website"},"datePublished":"2023-06-06T13:48:08+00:00","dateModified":"2023-10-24T15:37:46+00:00","breadcrumb":{"@id":"https:\/\/cbie.ca\/fr\/who-we-are\/partenariats\/missions-de-collaboration\/#breadcrumb"},"inLanguage":"fr-FR","potentialAction":[{"@type":"ReadAction","target":["https:\/\/cbie.ca\/fr\/who-we-are\/partenariats\/missions-de-collaboration\/"]}]},{"@type":"BreadcrumbList","@id":"https:\/\/cbie.ca\/fr\/who-we-are\/partenariats\/missions-de-collaboration\/#breadcrumb","itemListElement":[{"@type":"ListItem","position":1,"name":"Home","item":"https:\/\/cbie.ca\/fr\/"},{"@type":"ListItem","position":2,"name":"Qui sommes-nous?","item":"https:\/\/cbie.ca\/fr\/who-we-are\/"},{"@type":"ListItem","position":3,"name":"D\u00e9veloppement et partenariats","item":"https:\/\/cbie.ca\/fr\/who-we-are\/partenariats\/"},{"@type":"ListItem","position":4,"name":"S\u00e9rie de missions de collaboration internationale"}]},{"@type":"WebSite","@id":"https:\/\/cbie.ca\/#website","url":"https:\/\/cbie.ca\/","name":"Canadian Bureau for International Education","description":"","potentialAction":[{"@type":"SearchAction","target":{"@type":"EntryPoint","urlTemplate":"https:\/\/cbie.ca\/?s={search_term_string}"},"query-input":{"@type":"PropertyValueSpecification","valueRequired":true,"valueName":"search_term_string"}}],"inLanguage":"fr-FR"}]}},"_links":{"self":[{"href":"https:\/\/cbie.ca\/fr\/wp-json\/wp\/v2\/pages\/100558","targetHints":{"allow":["GET"]}}],"collection":[{"href":"https:\/\/cbie.ca\/fr\/wp-json\/wp\/v2\/pages"}],"about":[{"href":"https:\/\/cbie.ca\/fr\/wp-json\/wp\/v2\/types\/page"}],"author":[{"embeddable":true,"href":"https:\/\/cbie.ca\/fr\/wp-json\/wp\/v2\/users\/2"}],"replies":[{"embeddable":true,"href":"https:\/\/cbie.ca\/fr\/wp-json\/wp\/v2\/comments?post=100558"}],"version-history":[{"count":0,"href":"https:\/\/cbie.ca\/fr\/wp-json\/wp\/v2\/pages\/100558\/revisions"}],"up":[{"embeddable":true,"href":"https:\/\/cbie.ca\/fr\/wp-json\/wp\/v2\/pages\/100527"}],"wp:attachment":[{"href":"https:\/\/cbie.ca\/fr\/wp-json\/wp\/v2\/media?parent=100558"}],"curies":[{"name":"wp","href":"https:\/\/api.w.org\/{rel}","templated":true}]}}